{"id":1169,"date":"2024-05-13T17:31:10","date_gmt":"2024-05-13T17:31:10","guid":{"rendered":"https:\/\/sabrinacordal.com\/?page_id=1169"},"modified":"2024-07-11T18:47:38","modified_gmt":"2024-07-11T18:47:38","slug":"empoderamiento-latina","status":"publish","type":"page","link":"https:\/\/sabrinacordal.com\/en\/empoderamiento-latina\/","title":{"rendered":"Latina Empowerment"},"content":{"rendered":"<div data-elementor-type=\"wp-page\" data-elementor-id=\"1169\" class=\"elementor elementor-1169\">\n\t\t\t\t<div class=\"elementor-element elementor-element-ef20727 e-flex e-con-boxed e-con e-parent\" data-id=\"ef20727\" data-element_type=\"container\" data-e-type=\"container\" data-settings=\"{&quot;background_background&quot;:&quot;gradient&quot;}\">\n\t\t\t\t\t<div class=\"e-con-inner\">\n\t\t<div class=\"elementor-element elementor-element-73156b3 e-con-full e-flex e-con e-child\" data-id=\"73156b3\" data-element_type=\"container\" data-e-type=\"container\">\n\t\t<div class=\"elementor-element elementor-element-b742f45 e-flex e-con-boxed e-con e-child\" data-id=\"b742f45\" data-element_type=\"container\" data-e-type=\"container\">\n\t\t\t\t\t<div class=\"e-con-inner\">\n\t\t<div class=\"elementor-element elementor-element-556ff92 e-con-full e-flex e-con e-child\" data-id=\"556ff92\" data-element_type=\"container\" data-e-type=\"container\">\n\t\t\t\t<div class=\"elementor-element elementor-element-0837f9d elementor-widget elementor-widget-heading\" data-id=\"0837f9d\" data-element_type=\"widget\" data-e-type=\"widget\" data-widget_type=\"heading.default\">\n\t\t\t\t<div class=\"elementor-widget-container\">\n\t\t\t\t\t<h2 class=\"elementor-heading-title elementor-size-default\">Latina<\/h2>\t\t\t\t<\/div>\n\t\t\t\t<\/div>\n\t\t\t\t<div class=\"elementor-element elementor-element-1481069 e-transform elementor-widget elementor-widget-heading\" data-id=\"1481069\" data-element_type=\"widget\" data-e-type=\"widget\" data-settings=\"{&quot;_transform_translateX_effect&quot;:{&quot;unit&quot;:&quot;px&quot;,&quot;size&quot;:91,&quot;sizes&quot;:[]},&quot;_transform_translateX_effect_tablet&quot;:{&quot;unit&quot;:&quot;px&quot;,&quot;size&quot;:&quot;&quot;,&quot;sizes&quot;:[]},&quot;_transform_translateX_effect_mobile&quot;:{&quot;unit&quot;:&quot;px&quot;,&quot;size&quot;:&quot;&quot;,&quot;sizes&quot;:[]},&quot;_transform_translateY_effect&quot;:{&quot;unit&quot;:&quot;px&quot;,&quot;size&quot;:&quot;&quot;,&quot;sizes&quot;:[]},&quot;_transform_translateY_effect_tablet&quot;:{&quot;unit&quot;:&quot;px&quot;,&quot;size&quot;:&quot;&quot;,&quot;sizes&quot;:[]},&quot;_transform_translateY_effect_mobile&quot;:{&quot;unit&quot;:&quot;px&quot;,&quot;size&quot;:&quot;&quot;,&quot;sizes&quot;:[]}}\" data-widget_type=\"heading.default\">\n\t\t\t\t<div class=\"elementor-widget-container\">\n\t\t\t\t\t<h2 class=\"elementor-heading-title elementor-size-default\">Empowerment\n<\/h2>\t\t\t\t<\/div>\n\t\t\t\t<\/div>\n\t\t\t\t<div class=\"elementor-element elementor-element-76c1fad elementor-widget-divider--view-line elementor-widget elementor-widget-divider\" data-id=\"76c1fad\" data-element_type=\"widget\" data-e-type=\"widget\" data-widget_type=\"divider.default\">\n\t\t\t\t<div class=\"elementor-widget-container\">\n\t\t\t\t\t\t\t<div class=\"elementor-divider\">\n\t\t\t<span class=\"elementor-divider-separator\">\n\t\t\t\t\t\t<\/span>\n\t\t<\/div>\n\t\t\t\t\t\t<\/div>\n\t\t\t\t<\/div>\n\t\t\t\t<\/div>\n\t\t<div class=\"elementor-element elementor-element-a075cf8 e-con-full e-flex e-con e-child\" data-id=\"a075cf8\" data-element_type=\"container\" data-e-type=\"container\">\n\t\t\t\t<div class=\"elementor-element elementor-element-f08f664 elementor-widget elementor-widget-heading\" data-id=\"f08f664\" data-element_type=\"widget\" data-e-type=\"widget\" data-widget_type=\"heading.default\">\n\t\t\t\t<div class=\"elementor-widget-container\">\n\t\t\t\t\t<h6 class=\"elementor-heading-title elementor-size-default\"> Hi, latina empowerment!<br><br> <br> Have you ever wondered what it really takes to achieve success in your business? \nWell, I'm here to pave the path to your business success.<br><br>\nWell, I'm here to pave the path to your business success.\n\n<\/h6>\t\t\t\t<\/div>\n\t\t\t\t<\/div>\n\t\t\t\t<div class=\"elementor-element elementor-element-977f358 elementor-widget elementor-widget-text-editor\" data-id=\"977f358\" data-element_type=\"widget\" data-e-type=\"widget\" data-widget_type=\"text-editor.default\">\n\t\t\t\t<div class=\"elementor-widget-container\">\n\t\t\t\t\t\t\t\t\t<p>As a Latina living in the United States, I understand the challenges that Latina entrepreneurs like you face. I know what it's like to start from scratch, without language, contacts, or resources to build your business.<\/p><p>\u00a0But let me tell you something: I've discovered that no matter where you are or what your circumstances may be, with discipline and determination, you can achieve your goals.<\/p>\t\t\t\t\t\t\t\t<\/div>\n\t\t\t\t<\/div>\n\t\t\t\t<\/div>\n\t\t\t\t\t<\/div>\n\t\t\t\t<\/div>\n\t\t<div class=\"elementor-element elementor-element-d648cd6 e-con-full e-flex e-con e-child\" data-id=\"d648cd6\" data-element_type=\"container\" data-e-type=\"container\" data-settings=\"{&quot;background_background&quot;:&quot;classic&quot;}\">\n\t\t\t\t<div class=\"elementor-element elementor-element-c3b0ca4 elementor-widget elementor-widget-image\" data-id=\"c3b0ca4\" data-element_type=\"widget\" data-e-type=\"widget\" data-widget_type=\"image.default\">\n\t\t\t\t<div class=\"elementor-widget-container\">\n\t\t\t\t\t\t\t\t\t\t\t\t\t\t\t<img fetchpriority=\"high\" decoding=\"async\" width=\"1024\" height=\"576\" src=\"https:\/\/sabrinacordal.com\/wp-content\/uploads\/2024\/07\/Greyscale-Illustrative-Project-Overview-Mind-Map-8.png\" class=\"attachment-large size-large wp-image-2979\" alt=\"\" srcset=\"https:\/\/sabrinacordal.com\/wp-content\/uploads\/2024\/07\/Greyscale-Illustrative-Project-Overview-Mind-Map-8.png 2880w, https:\/\/sabrinacordal.com\/wp-content\/uploads\/2024\/07\/Greyscale-Illustrative-Project-Overview-Mind-Map-8-300x169.png 300w, https:\/\/sabrinacordal.com\/wp-content\/uploads\/2024\/07\/Greyscale-Illustrative-Project-Overview-Mind-Map-8-1024x576.png 1024w, https:\/\/sabrinacordal.com\/wp-content\/uploads\/2024\/07\/Greyscale-Illustrative-Project-Overview-Mind-Map-8-768x432.png 768w, https:\/\/sabrinacordal.com\/wp-content\/uploads\/2024\/07\/Greyscale-Illustrative-Project-Overview-Mind-Map-8-1536x864.png 1536w, https:\/\/sabrinacordal.com\/wp-content\/uploads\/2024\/07\/Greyscale-Illustrative-Project-Overview-Mind-Map-8-2048x1152.png 2048w, https:\/\/sabrinacordal.com\/wp-content\/uploads\/2024\/07\/Greyscale-Illustrative-Project-Overview-Mind-Map-8-18x10.png 18w, https:\/\/sabrinacordal.com\/wp-content\/uploads\/2024\/07\/Greyscale-Illustrative-Project-Overview-Mind-Map-8-600x338.png 600w\" sizes=\"(max-width: 1024px) 100vw, 1024px\" \/>\t\t\t\t\t\t\t\t\t\t\t\t\t\t\t<\/div>\n\t\t\t\t<\/div>\n\t\t\t\t<\/div>\n\t\t\t\t<\/div>\n\t\t\t\t\t<\/div>\n\t\t\t\t<\/div>\n\t\t<div class=\"elementor-element elementor-element-19051da e-flex e-con-boxed e-con e-parent\" data-id=\"19051da\" data-element_type=\"container\" data-e-type=\"container\" data-settings=\"{&quot;background_background&quot;:&quot;classic&quot;}\">\n\t\t\t\t\t<div class=\"e-con-inner\">\n\t\t<div class=\"elementor-element elementor-element-c06f026 e-con-full e-flex e-con e-child\" data-id=\"c06f026\" data-element_type=\"container\" data-e-type=\"container\">\n\t\t\t\t<div class=\"elementor-element elementor-element-fac9284 elementor-widget elementor-widget-heading\" data-id=\"fac9284\" data-element_type=\"widget\" data-e-type=\"widget\" data-widget_type=\"heading.default\">\n\t\t\t\t<div class=\"elementor-widget-container\">\n\t\t\t\t\t<h3 class=\"elementor-heading-title elementor-size-default\">Are you ready to reinvent yourself and achieve the success you deserve?\n<\/h3>\t\t\t\t<\/div>\n\t\t\t\t<\/div>\n\t\t\t\t<\/div>\n\t\t\t\t\t<\/div>\n\t\t\t\t<\/div>\n\t\t<div class=\"elementor-element elementor-element-2be375a e-flex e-con-boxed e-con e-parent\" data-id=\"2be375a\" data-element_type=\"container\" data-e-type=\"container\" data-settings=\"{&quot;background_background&quot;:&quot;classic&quot;}\">\n\t\t\t\t\t<div class=\"e-con-inner\">\n\t\t<div class=\"elementor-element elementor-element-7086bcb e-con-full e-flex e-con e-child\" data-id=\"7086bcb\" data-element_type=\"container\" data-e-type=\"container\">\n\t\t\t\t<div class=\"elementor-element elementor-element-b69e61d elementor-widget elementor-widget-text-editor\" data-id=\"b69e61d\" data-element_type=\"widget\" data-e-type=\"widget\" data-widget_type=\"text-editor.default\">\n\t\t\t\t<div class=\"elementor-widget-container\">\n\t\t\t\t\t\t\t\t\t<p class=\"translation-block\">At Latina Business Coaching, I don't just provide you with tools, I offer you a transformative experience. From self-awareness to the development of critical skills, I accompany you every step of the way on your journey to personal and business success.<\/p><p>Imagine a place where you can work from the depths of your being, communicate authentically, and project an image that reflects your true essence. In my program, I not only teach you how to do it, but I also inspire you to live your life and run your business on your own terms.<\/p><p>You are about to discover the transformative power of ontological coaching and business communication techniques.<\/p>\t\t\t\t\t\t\t\t<\/div>\n\t\t\t\t<\/div>\n\t\t\t\t<\/div>\n\t\t<div class=\"elementor-element elementor-element-2f566f5 e-con-full e-flex e-con e-child\" data-id=\"2f566f5\" data-element_type=\"container\" data-e-type=\"container\">\n\t\t\t\t<div class=\"elementor-element elementor-element-9db2295 elementor-widget elementor-widget-text-editor\" data-id=\"9db2295\" data-element_type=\"widget\" data-e-type=\"widget\" data-widget_type=\"text-editor.default\">\n\t\t\t\t<div class=\"elementor-widget-container\">\n\t\t\t\t\t\t\t\t\t<p>\u00a0<span style=\"font-size: inherit; text-align: inherit; color: #000000; font-family: var(--theme-font-family); font-style: var(--theme-font-style, inherit); font-weight: var(--theme-font-weight); letter-spacing: var(--theme-letter-spacing); text-transform: var(--theme-text-transform);\">Additionally, I will provide you with the necessary tools to start from scratch and transition from entrepreneur to businesswoman. We will set clear goals and create a comprehensive action plan covering marketing, strategy, vision, mission, and more. I will also teach you how to effectively manage your social media to attract and engage your audience, build your brand, and grow your business. I will accompany you from the idea to the achievement.<\/span><\/p><p><span style=\"color: #000000;\">Join the<em><b> Latina Business Coaching Program<\/b><\/em> and uncover how you can become more powerful than you ever imagined.\u00a0<\/span><\/p><p class=\"translation-block\">It's time to radiate with your full potential.<\/p>\t\t\t\t\t\t\t\t<\/div>\n\t\t\t\t<\/div>\n\t\t\t\t<div class=\"elementor-element elementor-element-98d4f6b elementor-align-center elementor-widget elementor-widget-button\" data-id=\"98d4f6b\" data-element_type=\"widget\" data-e-type=\"widget\" data-widget_type=\"button.default\">\n\t\t\t\t<div class=\"elementor-widget-container\">\n\t\t\t\t\t\t\t\t\t<div class=\"elementor-button-wrapper\">\n\t\t\t\t\t<a class=\"elementor-button elementor-button-link elementor-size-sm\" href=\"https:\/\/calendly.com\/cordalsabrina\/personal-coaching-or-business-advisor\">\n\t\t\t\t\t\t<span class=\"elementor-button-content-wrapper\">\n\t\t\t\t\t\t\t\t\t<span class=\"elementor-button-text\">Book your 15 min. FREE<\/span>\n\t\t\t\t\t<\/span>\n\t\t\t\t\t<\/a>\n\t\t\t\t<\/div>\n\t\t\t\t\t\t\t\t<\/div>\n\t\t\t\t<\/div>\n\t\t\t\t<\/div>\n\t\t\t\t\t<\/div>\n\t\t\t\t<\/div>\n\t\t<div class=\"elementor-element elementor-element-216685c e-flex e-con-boxed e-con e-parent\" data-id=\"216685c\" data-element_type=\"container\" data-e-type=\"container\">\n\t\t\t\t\t<div class=\"e-con-inner\">\n\t\t<div class=\"elementor-element elementor-element-6633152 e-con-full e-flex e-con e-child\" data-id=\"6633152\" data-element_type=\"container\" data-e-type=\"container\">\n\t\t\t\t<div class=\"elementor-element elementor-element-b3b6b1e elementor-widget elementor-widget-text-editor\" data-id=\"b3b6b1e\" data-element_type=\"widget\" data-e-type=\"widget\" data-widget_type=\"text-editor.default\">\n\t\t\t\t<div class=\"elementor-widget-container\">\n\t\t\t\t\t\t\t\t\t<h3 class=\"translation-block\">Download <span style=\"color: #dd183b\">free<\/span> habit tracker templates<\/h3>\t\t\t\t\t\t\t\t<\/div>\n\t\t\t\t<\/div>\n\t\t\t\t<\/div>\n\t\t<div class=\"elementor-element elementor-element-a055f44 e-con-full e-flex e-con e-child\" data-id=\"a055f44\" data-element_type=\"container\" data-e-type=\"container\">\n\t\t\t\t<div class=\"elementor-element elementor-element-c38c9ea elementor-widget elementor-widget-image\" data-id=\"c38c9ea\" data-element_type=\"widget\" data-e-type=\"widget\" data-widget_type=\"image.default\">\n\t\t\t\t<div class=\"elementor-widget-container\">\n\t\t\t\t\t\t\t\t\t\t\t\t\t\t\t<img decoding=\"async\" width=\"2560\" height=\"1706\" src=\"https:\/\/sabrinacordal.com\/wp-content\/uploads\/2024\/05\/mi-tracker-scaled.webp\" class=\"attachment-full size-full wp-image-1079\" alt=\"\" srcset=\"https:\/\/sabrinacordal.com\/wp-content\/uploads\/2024\/05\/mi-tracker-scaled.webp 2560w, https:\/\/sabrinacordal.com\/wp-content\/uploads\/2024\/05\/mi-tracker-300x200.webp 300w, https:\/\/sabrinacordal.com\/wp-content\/uploads\/2024\/05\/mi-tracker-scaled-600x400.webp 600w, https:\/\/sabrinacordal.com\/wp-content\/uploads\/2024\/05\/mi-tracker-1024x683.webp 1024w, https:\/\/sabrinacordal.com\/wp-content\/uploads\/2024\/05\/mi-tracker-768x512.webp 768w, https:\/\/sabrinacordal.com\/wp-content\/uploads\/2024\/05\/mi-tracker-1536x1024.webp 1536w, https:\/\/sabrinacordal.com\/wp-content\/uploads\/2024\/05\/mi-tracker-2048x1365.webp 2048w, https:\/\/sabrinacordal.com\/wp-content\/uploads\/2024\/05\/mi-tracker-18x12.webp 18w\" sizes=\"(max-width: 2560px) 100vw, 2560px\" \/>\t\t\t\t\t\t\t\t\t\t\t\t\t\t\t<\/div>\n\t\t\t\t<\/div>\n\t\t\t\t<\/div>\n\t\t\t\t\t<\/div>\n\t\t\t\t<\/div>\n\t\t<div class=\"elementor-element elementor-element-61117f5 e-flex e-con-boxed e-con e-parent\" data-id=\"61117f5\" data-element_type=\"container\" data-e-type=\"container\" data-settings=\"{&quot;background_background&quot;:&quot;classic&quot;}\">\n\t\t\t\t\t<div class=\"e-con-inner\">\n\t\t\t\t<div class=\"elementor-element elementor-element-d389a9d elementor-widget elementor-widget-heading\" data-id=\"d389a9d\" data-element_type=\"widget\" data-e-type=\"widget\" data-widget_type=\"heading.default\">\n\t\t\t\t<div class=\"elementor-widget-container\">\n\t\t\t\t\t<h2 class=\"elementor-heading-title elementor-size-default\">\u201cTurning words into action, vision into reality, and brands into lasting legacies.\u201d\n<\/h2>\t\t\t\t<\/div>\n\t\t\t\t<\/div>\n\t\t\t\t\t<\/div>\n\t\t\t\t<\/div>\n\t\t\t\t<\/div>","protected":false},"excerpt":{"rendered":"<p>Empoderamiento Latina \u00a1Hola, emprendedora latina! \u00bfTe has preguntado alguna vez qu\u00e9 se necesita realmente para alcanzar el \u00e9xito en tu negocio? Bueno, aqu\u00ed estoy para mostrarte el camino. Soy Latina y vivo en Estados Unidos, y entiendo perfectamente los desaf\u00edos que enfrentan las emprendedoras latinas como t\u00fa. Comprendo lo que significa empezar desde cero, sin [&hellip;]<\/p>\n","protected":false},"author":1,"featured_media":0,"parent":0,"menu_order":0,"comment_status":"closed","ping_status":"closed","template":"","meta":{"footnotes":""},"class_list":["post-1169","page","type-page","status-publish","hentry"],"blocksy_meta":{"has_hero_section":"disabled","styles_descriptor":{"styles":{"desktop":"","tablet":"","mobile":""},"google_fonts":[],"version":6}},"jetpack_sharing_enabled":true,"_links":{"self":[{"href":"https:\/\/sabrinacordal.com\/en\/wp-json\/wp\/v2\/pages\/1169","targetHints":{"allow":["GET"]}}],"collection":[{"href":"https:\/\/sabrinacordal.com\/en\/wp-json\/wp\/v2\/pages"}],"about":[{"href":"https:\/\/sabrinacordal.com\/en\/wp-json\/wp\/v2\/types\/page"}],"author":[{"embeddable":true,"href":"https:\/\/sabrinacordal.com\/en\/wp-json\/wp\/v2\/users\/1"}],"replies":[{"embeddable":true,"href":"https:\/\/sabrinacordal.com\/en\/wp-json\/wp\/v2\/comments?post=1169"}],"version-history":[{"count":160,"href":"https:\/\/sabrinacordal.com\/en\/wp-json\/wp\/v2\/pages\/1169\/revisions"}],"predecessor-version":[{"id":3391,"href":"https:\/\/sabrinacordal.com\/en\/wp-json\/wp\/v2\/pages\/1169\/revisions\/3391"}],"wp:attachment":[{"href":"https:\/\/sabrinacordal.com\/en\/wp-json\/wp\/v2\/media?parent=1169"}],"curies":[{"name":"wp","href":"https:\/\/api.w.org\/{rel}","templated":true}]}}