{"id":1257,"date":"2024-05-13T19:17:59","date_gmt":"2024-05-13T19:17:59","guid":{"rendered":"https:\/\/sabrinacordal.com\/?page_id=1257"},"modified":"2024-07-11T20:23:25","modified_gmt":"2024-07-11T20:23:25","slug":"eventos","status":"publish","type":"page","link":"https:\/\/sabrinacordal.com\/en\/eventos\/","title":{"rendered":"Events"},"content":{"rendered":"<div data-elementor-type=\"wp-page\" data-elementor-id=\"1257\" class=\"elementor elementor-1257\">\n\t\t\t\t<div class=\"elementor-element elementor-element-3df054f e-flex e-con-boxed e-con e-parent\" data-id=\"3df054f\" data-element_type=\"container\" data-e-type=\"container\">\n\t\t\t\t\t<div class=\"e-con-inner\">\n\t\t\t\t<div class=\"elementor-element elementor-element-44b8ebc elementor-widget elementor-widget-heading\" data-id=\"44b8ebc\" data-element_type=\"widget\" data-e-type=\"widget\" data-widget_type=\"heading.default\">\n\t\t\t\t<div class=\"elementor-widget-container\">\n\t\t\t\t\t<h2 class=\"elementor-heading-title elementor-size-default\">Past Events<\/h2>\t\t\t\t<\/div>\n\t\t\t\t<\/div>\n\t\t\t\t\t<\/div>\n\t\t\t\t<\/div>\n\t\t<div class=\"elementor-element elementor-element-fdad0ad e-flex e-con-boxed e-con e-parent\" data-id=\"fdad0ad\" data-element_type=\"container\" data-e-type=\"container\">\n\t\t\t\t\t<div class=\"e-con-inner\">\n\t\t<div class=\"elementor-element elementor-element-1f337e6 e-con-full e-flex e-con e-child\" data-id=\"1f337e6\" data-element_type=\"container\" data-e-type=\"container\">\n\t\t\t\t<div class=\"elementor-element elementor-element-912e1ce elementor-widget elementor-widget-image\" data-id=\"912e1ce\" data-element_type=\"widget\" data-e-type=\"widget\" data-widget_type=\"image.default\">\n\t\t\t\t<div class=\"elementor-widget-container\">\n\t\t\t\t\t\t\t\t\t\t\t\t\t\t\t<img fetchpriority=\"high\" decoding=\"async\" width=\"1024\" height=\"1024\" src=\"https:\/\/sabrinacordal.com\/wp-content\/uploads\/2024\/05\/1-1024x1024.webp\" class=\"attachment-large size-large wp-image-1067\" alt=\"\" srcset=\"https:\/\/sabrinacordal.com\/wp-content\/uploads\/2024\/05\/1-1024x1024.webp 1024w, https:\/\/sabrinacordal.com\/wp-content\/uploads\/2024\/05\/1-300x300.webp 300w, https:\/\/sabrinacordal.com\/wp-content\/uploads\/2024\/05\/1-100x100.webp 100w, https:\/\/sabrinacordal.com\/wp-content\/uploads\/2024\/05\/1-600x600.webp 600w, https:\/\/sabrinacordal.com\/wp-content\/uploads\/2024\/05\/1-150x150.webp 150w, https:\/\/sabrinacordal.com\/wp-content\/uploads\/2024\/05\/1-768x768.webp 768w, https:\/\/sabrinacordal.com\/wp-content\/uploads\/2024\/05\/1-12x12.webp 12w, https:\/\/sabrinacordal.com\/wp-content\/uploads\/2024\/05\/1.webp 1080w\" sizes=\"(max-width: 1024px) 100vw, 1024px\" \/>\t\t\t\t\t\t\t\t\t\t\t\t\t\t\t<\/div>\n\t\t\t\t<\/div>\n\t\t\t\t<\/div>\n\t\t<div class=\"elementor-element elementor-element-8ef0860 e-con-full e-flex e-con e-child\" data-id=\"8ef0860\" data-element_type=\"container\" data-e-type=\"container\">\n\t\t\t\t<div class=\"elementor-element elementor-element-fda9f5c elementor-widget elementor-widget-image\" data-id=\"fda9f5c\" data-element_type=\"widget\" data-e-type=\"widget\" data-widget_type=\"image.default\">\n\t\t\t\t<div class=\"elementor-widget-container\">\n\t\t\t\t\t\t\t\t\t\t\t\t\t\t\t<img decoding=\"async\" width=\"1024\" height=\"1024\" src=\"https:\/\/sabrinacordal.com\/wp-content\/uploads\/2024\/05\/2-1024x1024.webp\" class=\"attachment-large size-large wp-image-1066\" alt=\"\" srcset=\"https:\/\/sabrinacordal.com\/wp-content\/uploads\/2024\/05\/2-1024x1024.webp 1024w, https:\/\/sabrinacordal.com\/wp-content\/uploads\/2024\/05\/2-300x300.webp 300w, https:\/\/sabrinacordal.com\/wp-content\/uploads\/2024\/05\/2-100x100.webp 100w, https:\/\/sabrinacordal.com\/wp-content\/uploads\/2024\/05\/2-600x600.webp 600w, https:\/\/sabrinacordal.com\/wp-content\/uploads\/2024\/05\/2-150x150.webp 150w, https:\/\/sabrinacordal.com\/wp-content\/uploads\/2024\/05\/2-768x768.webp 768w, https:\/\/sabrinacordal.com\/wp-content\/uploads\/2024\/05\/2-12x12.webp 12w, https:\/\/sabrinacordal.com\/wp-content\/uploads\/2024\/05\/2.webp 1080w\" sizes=\"(max-width: 1024px) 100vw, 1024px\" \/>\t\t\t\t\t\t\t\t\t\t\t\t\t\t\t<\/div>\n\t\t\t\t<\/div>\n\t\t\t\t<\/div>\n\t\t<div class=\"elementor-element elementor-element-7ec9a21 e-con-full e-flex e-con e-child\" data-id=\"7ec9a21\" data-element_type=\"container\" data-e-type=\"container\">\n\t\t\t\t<div class=\"elementor-element elementor-element-c59d368 elementor-widget elementor-widget-image\" data-id=\"c59d368\" data-element_type=\"widget\" data-e-type=\"widget\" data-widget_type=\"image.default\">\n\t\t\t\t<div class=\"elementor-widget-container\">\n\t\t\t\t\t\t\t\t\t\t\t\t\t\t\t<img decoding=\"async\" width=\"1024\" height=\"1024\" src=\"https:\/\/sabrinacordal.com\/wp-content\/uploads\/2024\/05\/Flyer-workshop-december-sabrina-cordal-1024x1024.webp\" class=\"attachment-large size-large wp-image-1070\" alt=\"\" srcset=\"https:\/\/sabrinacordal.com\/wp-content\/uploads\/2024\/05\/Flyer-workshop-december-sabrina-cordal-1024x1024.webp 1024w, https:\/\/sabrinacordal.com\/wp-content\/uploads\/2024\/05\/Flyer-workshop-december-sabrina-cordal-300x300.webp 300w, https:\/\/sabrinacordal.com\/wp-content\/uploads\/2024\/05\/Flyer-workshop-december-sabrina-cordal-100x100.webp 100w, https:\/\/sabrinacordal.com\/wp-content\/uploads\/2024\/05\/Flyer-workshop-december-sabrina-cordal-600x600.webp 600w, https:\/\/sabrinacordal.com\/wp-content\/uploads\/2024\/05\/Flyer-workshop-december-sabrina-cordal-150x150.webp 150w, https:\/\/sabrinacordal.com\/wp-content\/uploads\/2024\/05\/Flyer-workshop-december-sabrina-cordal-768x768.webp 768w, https:\/\/sabrinacordal.com\/wp-content\/uploads\/2024\/05\/Flyer-workshop-december-sabrina-cordal-12x12.webp 12w, https:\/\/sabrinacordal.com\/wp-content\/uploads\/2024\/05\/Flyer-workshop-december-sabrina-cordal.webp 1080w\" sizes=\"(max-width: 1024px) 100vw, 1024px\" \/>\t\t\t\t\t\t\t\t\t\t\t\t\t\t\t<\/div>\n\t\t\t\t<\/div>\n\t\t\t\t<\/div>\n\t\t<div class=\"elementor-element elementor-element-b647a41 e-con-full e-flex e-con e-child\" data-id=\"b647a41\" data-element_type=\"container\" data-e-type=\"container\">\n\t\t\t\t<div class=\"elementor-element elementor-element-8fd6c7f elementor-widget elementor-widget-image\" data-id=\"8fd6c7f\" data-element_type=\"widget\" data-e-type=\"widget\" data-widget_type=\"image.default\">\n\t\t\t\t<div class=\"elementor-widget-container\">\n\t\t\t\t\t\t\t\t\t\t\t\t\t\t\t<img loading=\"lazy\" decoding=\"async\" width=\"1024\" height=\"1024\" src=\"https:\/\/sabrinacordal.com\/wp-content\/uploads\/2024\/05\/Modern-Webinar-Business-Instagram-Post-1-1024x1024.webp\" class=\"attachment-large size-large wp-image-1069\" alt=\"\" srcset=\"https:\/\/sabrinacordal.com\/wp-content\/uploads\/2024\/05\/Modern-Webinar-Business-Instagram-Post-1-1024x1024.webp 1024w, https:\/\/sabrinacordal.com\/wp-content\/uploads\/2024\/05\/Modern-Webinar-Business-Instagram-Post-1-300x300.webp 300w, https:\/\/sabrinacordal.com\/wp-content\/uploads\/2024\/05\/Modern-Webinar-Business-Instagram-Post-1-100x100.webp 100w, https:\/\/sabrinacordal.com\/wp-content\/uploads\/2024\/05\/Modern-Webinar-Business-Instagram-Post-1-600x600.webp 600w, https:\/\/sabrinacordal.com\/wp-content\/uploads\/2024\/05\/Modern-Webinar-Business-Instagram-Post-1-150x150.webp 150w, https:\/\/sabrinacordal.com\/wp-content\/uploads\/2024\/05\/Modern-Webinar-Business-Instagram-Post-1-768x768.webp 768w, https:\/\/sabrinacordal.com\/wp-content\/uploads\/2024\/05\/Modern-Webinar-Business-Instagram-Post-1-12x12.webp 12w, https:\/\/sabrinacordal.com\/wp-content\/uploads\/2024\/05\/Modern-Webinar-Business-Instagram-Post-1.webp 1080w\" sizes=\"(max-width: 1024px) 100vw, 1024px\" \/>\t\t\t\t\t\t\t\t\t\t\t\t\t\t\t<\/div>\n\t\t\t\t<\/div>\n\t\t\t\t<\/div>\n\t\t<div class=\"elementor-element elementor-element-3053641 e-con-full e-flex e-con e-child\" data-id=\"3053641\" data-element_type=\"container\" data-e-type=\"container\">\n\t\t\t\t<div class=\"elementor-element elementor-element-983a2e4 elementor-widget elementor-widget-image\" data-id=\"983a2e4\" data-element_type=\"widget\" data-e-type=\"widget\" data-widget_type=\"image.default\">\n\t\t\t\t<div class=\"elementor-widget-container\">\n\t\t\t\t\t\t\t\t\t\t\t\t\t\t\t<img loading=\"lazy\" decoding=\"async\" width=\"1024\" height=\"1024\" src=\"https:\/\/sabrinacordal.com\/wp-content\/uploads\/2024\/05\/Modern-Webinar-Business-Instagram-Post-3-1024x1024.webp\" class=\"attachment-large size-large wp-image-1068\" alt=\"\" srcset=\"https:\/\/sabrinacordal.com\/wp-content\/uploads\/2024\/05\/Modern-Webinar-Business-Instagram-Post-3-1024x1024.webp 1024w, https:\/\/sabrinacordal.com\/wp-content\/uploads\/2024\/05\/Modern-Webinar-Business-Instagram-Post-3-300x300.webp 300w, https:\/\/sabrinacordal.com\/wp-content\/uploads\/2024\/05\/Modern-Webinar-Business-Instagram-Post-3-100x100.webp 100w, https:\/\/sabrinacordal.com\/wp-content\/uploads\/2024\/05\/Modern-Webinar-Business-Instagram-Post-3-600x600.webp 600w, https:\/\/sabrinacordal.com\/wp-content\/uploads\/2024\/05\/Modern-Webinar-Business-Instagram-Post-3-150x150.webp 150w, https:\/\/sabrinacordal.com\/wp-content\/uploads\/2024\/05\/Modern-Webinar-Business-Instagram-Post-3-768x768.webp 768w, https:\/\/sabrinacordal.com\/wp-content\/uploads\/2024\/05\/Modern-Webinar-Business-Instagram-Post-3-12x12.webp 12w, https:\/\/sabrinacordal.com\/wp-content\/uploads\/2024\/05\/Modern-Webinar-Business-Instagram-Post-3.webp 1080w\" sizes=\"(max-width: 1024px) 100vw, 1024px\" \/>\t\t\t\t\t\t\t\t\t\t\t\t\t\t\t<\/div>\n\t\t\t\t<\/div>\n\t\t\t\t<\/div>\n\t\t<div class=\"elementor-element elementor-element-1e8eba4 e-con-full e-flex e-con e-child\" data-id=\"1e8eba4\" data-element_type=\"container\" data-e-type=\"container\">\n\t\t\t\t<div class=\"elementor-element elementor-element-16becca elementor-widget elementor-widget-image\" data-id=\"16becca\" data-element_type=\"widget\" data-e-type=\"widget\" data-widget_type=\"image.default\">\n\t\t\t\t<div class=\"elementor-widget-container\">\n\t\t\t\t\t\t\t\t\t\t\t\t\t\t\t<img loading=\"lazy\" decoding=\"async\" width=\"1024\" height=\"1024\" src=\"https:\/\/sabrinacordal.com\/wp-content\/uploads\/2024\/05\/evento-pasado-e1715628055355-1024x1024.webp\" class=\"attachment-large size-large wp-image-1065\" alt=\"\" srcset=\"https:\/\/sabrinacordal.com\/wp-content\/uploads\/2024\/05\/evento-pasado-e1715628055355-1024x1024.webp 1024w, https:\/\/sabrinacordal.com\/wp-content\/uploads\/2024\/05\/evento-pasado-e1715628055355-300x300.webp 300w, https:\/\/sabrinacordal.com\/wp-content\/uploads\/2024\/05\/evento-pasado-e1715628055355-100x100.webp 100w, https:\/\/sabrinacordal.com\/wp-content\/uploads\/2024\/05\/evento-pasado-e1715628055355-600x600.webp 600w, https:\/\/sabrinacordal.com\/wp-content\/uploads\/2024\/05\/evento-pasado-e1715628055355-150x150.webp 150w, https:\/\/sabrinacordal.com\/wp-content\/uploads\/2024\/05\/evento-pasado-e1715628055355-768x768.webp 768w, https:\/\/sabrinacordal.com\/wp-content\/uploads\/2024\/05\/evento-pasado-e1715628055355-12x12.webp 12w, https:\/\/sabrinacordal.com\/wp-content\/uploads\/2024\/05\/evento-pasado-e1715628055355.webp 1080w\" sizes=\"(max-width: 1024px) 100vw, 1024px\" \/>\t\t\t\t\t\t\t\t\t\t\t\t\t\t\t<\/div>\n\t\t\t\t<\/div>\n\t\t\t\t<\/div>\n\t\t\t\t\t<\/div>\n\t\t\t\t<\/div>\n\t\t<div class=\"elementor-element elementor-element-9110a42 e-flex e-con-boxed e-con e-parent\" data-id=\"9110a42\" data-element_type=\"container\" data-e-type=\"container\">\n\t\t\t\t\t<div class=\"e-con-inner\">\n\t\t\t\t<div class=\"elementor-element elementor-element-7a1549e elementor-widget elementor-widget-heading\" data-id=\"7a1549e\" data-element_type=\"widget\" data-e-type=\"widget\" data-widget_type=\"heading.default\">\n\t\t\t\t<div class=\"elementor-widget-container\">\n\t\t\t\t\t<h2 class=\"elementor-heading-title elementor-size-default\">Upcoming Events <\/h2>\t\t\t\t<\/div>\n\t\t\t\t<\/div>\n\t\t\t\t\t<\/div>\n\t\t\t\t<\/div>\n\t\t<div class=\"elementor-element elementor-element-d50b98f e-flex e-con-boxed e-con e-parent\" data-id=\"d50b98f\" data-element_type=\"container\" data-e-type=\"container\">\n\t\t\t\t\t<div class=\"e-con-inner\">\n\t\t<div class=\"elementor-element elementor-element-1602382 e-con-full e-flex e-con e-child\" data-id=\"1602382\" data-element_type=\"container\" data-e-type=\"container\">\n\t\t\t\t<\/div>\n\t\t<div class=\"elementor-element elementor-element-e7acf64 e-con-full e-flex e-con e-child\" data-id=\"e7acf64\" data-element_type=\"container\" data-e-type=\"container\">\n\t\t\t\t<div class=\"elementor-element elementor-element-6fb3193 elementor-widget elementor-widget-image\" data-id=\"6fb3193\" data-element_type=\"widget\" data-e-type=\"widget\" data-widget_type=\"image.default\">\n\t\t\t\t<div class=\"elementor-widget-container\">\n\t\t\t\t\t\t\t\t\t\t\t\t\t\t\t<img loading=\"lazy\" decoding=\"async\" width=\"1024\" height=\"1024\" src=\"https:\/\/sabrinacordal.com\/wp-content\/uploads\/2024\/05\/Modern-Webinar-Business-Instagram-Post-8-1024x1024.webp\" class=\"attachment-large size-large wp-image-1077\" alt=\"\" srcset=\"https:\/\/sabrinacordal.com\/wp-content\/uploads\/2024\/05\/Modern-Webinar-Business-Instagram-Post-8-1024x1024.webp 1024w, https:\/\/sabrinacordal.com\/wp-content\/uploads\/2024\/05\/Modern-Webinar-Business-Instagram-Post-8-300x300.webp 300w, https:\/\/sabrinacordal.com\/wp-content\/uploads\/2024\/05\/Modern-Webinar-Business-Instagram-Post-8-100x100.webp 100w, https:\/\/sabrinacordal.com\/wp-content\/uploads\/2024\/05\/Modern-Webinar-Business-Instagram-Post-8-600x600.webp 600w, https:\/\/sabrinacordal.com\/wp-content\/uploads\/2024\/05\/Modern-Webinar-Business-Instagram-Post-8-150x150.webp 150w, https:\/\/sabrinacordal.com\/wp-content\/uploads\/2024\/05\/Modern-Webinar-Business-Instagram-Post-8-768x768.webp 768w, https:\/\/sabrinacordal.com\/wp-content\/uploads\/2024\/05\/Modern-Webinar-Business-Instagram-Post-8-12x12.webp 12w, https:\/\/sabrinacordal.com\/wp-content\/uploads\/2024\/05\/Modern-Webinar-Business-Instagram-Post-8.webp 1080w\" sizes=\"(max-width: 1024px) 100vw, 1024px\" \/>\t\t\t\t\t\t\t\t\t\t\t\t\t\t\t<\/div>\n\t\t\t\t<\/div>\n\t\t\t\t<div class=\"elementor-element elementor-element-d4a108b elementor-align-center elementor-widget elementor-widget-button\" data-id=\"d4a108b\" data-element_type=\"widget\" data-e-type=\"widget\" data-widget_type=\"button.default\">\n\t\t\t\t<div class=\"elementor-widget-container\">\n\t\t\t\t\t\t\t\t\t<div class=\"elementor-button-wrapper\">\n\t\t\t\t\t<a class=\"elementor-button elementor-button-link elementor-size-sm\" href=\"https:\/\/www.eventbrite.com.ar\/e\/crea-tu-propio-negocio-business-en-estados-unidos-tickets-894128461297?aff=affiliate1\" target=\"_blank\">\n\t\t\t\t\t\t<span class=\"elementor-button-content-wrapper\">\n\t\t\t\t\t\t\t\t\t<span class=\"elementor-button-text\">See Event<\/span>\n\t\t\t\t\t<\/span>\n\t\t\t\t\t<\/a>\n\t\t\t\t<\/div>\n\t\t\t\t\t\t\t\t<\/div>\n\t\t\t\t<\/div>\n\t\t\t\t<\/div>\n\t\t\t\t\t<\/div>\n\t\t\t\t<\/div>\n\t\t<div class=\"elementor-element elementor-element-1fbc967 e-flex e-con-boxed e-con e-parent\" data-id=\"1fbc967\" data-element_type=\"container\" data-e-type=\"container\">\n\t\t\t\t\t<div class=\"e-con-inner\">\n\t\t\t\t<div class=\"elementor-element elementor-element-5ae4b49 elementor-widget elementor-widget-heading\" data-id=\"5ae4b49\" data-element_type=\"widget\" data-e-type=\"widget\" data-widget_type=\"heading.default\">\n\t\t\t\t<div class=\"elementor-widget-container\">\n\t\t\t\t\t<h2 class=\"elementor-heading-title elementor-size-default\">Speaker<\/h2>\t\t\t\t<\/div>\n\t\t\t\t<\/div>\n\t\t\t\t<div class=\"elementor-element elementor-element-08c5ace elementor-widget elementor-widget-image\" data-id=\"08c5ace\" data-element_type=\"widget\" data-e-type=\"widget\" data-widget_type=\"image.default\">\n\t\t\t\t<div class=\"elementor-widget-container\">\n\t\t\t\t\t\t\t\t\t\t\t\t\t\t\t<img loading=\"lazy\" decoding=\"async\" width=\"200\" height=\"300\" src=\"https:\/\/sabrinacordal.com\/wp-content\/uploads\/2024\/05\/sabrina01174-200x300.webp\" class=\"attachment-medium size-medium wp-image-1262\" alt=\"\" srcset=\"https:\/\/sabrinacordal.com\/wp-content\/uploads\/2024\/05\/sabrina01174-200x300.webp 200w, https:\/\/sabrinacordal.com\/wp-content\/uploads\/2024\/05\/sabrina01174-scaled-300x450.webp 300w, https:\/\/sabrinacordal.com\/wp-content\/uploads\/2024\/05\/sabrina01174-scaled-600x900.webp 600w, https:\/\/sabrinacordal.com\/wp-content\/uploads\/2024\/05\/sabrina01174-683x1024.webp 683w, https:\/\/sabrinacordal.com\/wp-content\/uploads\/2024\/05\/sabrina01174-768x1152.webp 768w, https:\/\/sabrinacordal.com\/wp-content\/uploads\/2024\/05\/sabrina01174-1024x1536.webp 1024w, https:\/\/sabrinacordal.com\/wp-content\/uploads\/2024\/05\/sabrina01174-1365x2048.webp 1365w, https:\/\/sabrinacordal.com\/wp-content\/uploads\/2024\/05\/sabrina01174-8x12.webp 8w, https:\/\/sabrinacordal.com\/wp-content\/uploads\/2024\/05\/sabrina01174-scaled.webp 1707w\" sizes=\"(max-width: 200px) 100vw, 200px\" \/>\t\t\t\t\t\t\t\t\t\t\t\t\t\t\t<\/div>\n\t\t\t\t<\/div>\n\t\t<div class=\"elementor-element elementor-element-8a7f262 e-flex e-con-boxed e-con e-child\" data-id=\"8a7f262\" data-element_type=\"container\" data-e-type=\"container\">\n\t\t\t\t\t<div class=\"e-con-inner\">\n\t\t\t\t<div class=\"elementor-element elementor-element-69db0e4 elementor-widget elementor-widget-heading\" data-id=\"69db0e4\" data-element_type=\"widget\" data-e-type=\"widget\" data-widget_type=\"heading.default\">\n\t\t\t\t<div class=\"elementor-widget-container\">\n\t\t\t\t\t<h4 class=\"elementor-heading-title elementor-size-default\">\u00a1Potencia tu evento con workshops impactantes y conferencias inspiradoras en Espa\u00f1ol &amp; Ingl\u00e9s!<\/h4>\t\t\t\t<\/div>\n\t\t\t\t<\/div>\n\t\t\t\t\t<\/div>\n\t\t\t\t<\/div>\n\t\t\t\t\t<\/div>\n\t\t\t\t<\/div>\n\t\t<div class=\"elementor-element elementor-element-17308e5 e-flex e-con-boxed e-con e-parent\" data-id=\"17308e5\" data-element_type=\"container\" data-e-type=\"container\">\n\t\t\t\t\t<div class=\"e-con-inner\">\n\t\t<div class=\"elementor-element elementor-element-199f5cb e-con-full e-flex e-con e-child\" data-id=\"199f5cb\" data-element_type=\"container\" data-e-type=\"container\">\n\t\t\t\t<div class=\"elementor-element elementor-element-f6ef7ff elementor-widget-mobile__width-initial elementor-widget elementor-widget-text-editor\" data-id=\"f6ef7ff\" data-element_type=\"widget\" data-e-type=\"widget\" data-widget_type=\"text-editor.default\">\n\t\t\t\t<div class=\"elementor-widget-container\">\n\t\t\t\t\t\t\t\t\t<p>Are you planning an event that makes a difference?<\/p><p>I offer the perfect blend of dynamic workshops and inspiring presentations that will leave a lasting impression on your audience.\u00a0<\/p><p>My workshops are designed to provide practical tools and effective strategies in areas such as personal growth, marketing, and communication. From techniques to boost confidence and self-esteem to digital marketing strategies and effective communication skills, my sessions are crafted to inspire, educate, and empower.<\/p>\t\t\t\t\t\t\t\t<\/div>\n\t\t\t\t<\/div>\n\t\t\t\t<\/div>\n\t\t<div class=\"elementor-element elementor-element-5051137 e-con-full e-flex e-con e-child\" data-id=\"5051137\" data-element_type=\"container\" data-e-type=\"container\">\n\t\t\t\t<div class=\"elementor-element elementor-element-331f812 elementor-widget elementor-widget-text-editor\" data-id=\"331f812\" data-element_type=\"widget\" data-e-type=\"widget\" data-widget_type=\"text-editor.default\">\n\t\t\t\t<div class=\"elementor-widget-container\">\n\t\t\t\t\t\t\t\t\t<p>Whether you need a motivational talk to propel your audience towards their goals or an informative session on the latest marketing trends, I'm here to help make your event a resounding success.<\/p><p>Contact me now to schedule a consultation and discuss how we can work together to ensure your event is a smash hit!<\/p>\t\t\t\t\t\t\t\t<\/div>\n\t\t\t\t<\/div>\n\t\t\t\t<div class=\"elementor-element elementor-element-f265152 elementor-widget elementor-widget-text-editor\" data-id=\"f265152\" data-element_type=\"widget\" data-e-type=\"widget\" data-widget_type=\"text-editor.default\">\n\t\t\t\t<div class=\"elementor-widget-container\">\n\t\t\t\t\t\t\t\t\t<p><strong>I look forward to creating magic together at your next event!<\/strong><\/p>\t\t\t\t\t\t\t\t<\/div>\n\t\t\t\t<\/div>\n\t\t\t\t<\/div>\n\t\t\t\t\t<\/div>\n\t\t\t\t<\/div>\n\t\t<div class=\"elementor-element elementor-element-0895182 e-flex e-con-boxed e-con e-parent\" data-id=\"0895182\" data-element_type=\"container\" data-e-type=\"container\">\n\t\t\t\t\t<div class=\"e-con-inner\">\n\t\t\t\t<div class=\"elementor-element elementor-element-88d0663 elementor-align-center elementor-widget elementor-widget-button\" data-id=\"88d0663\" data-element_type=\"widget\" data-e-type=\"widget\" data-widget_type=\"button.default\">\n\t\t\t\t<div class=\"elementor-widget-container\">\n\t\t\t\t\t\t\t\t\t<div class=\"elementor-button-wrapper\">\n\t\t\t\t\t<a class=\"elementor-button elementor-button-link elementor-size-sm\" href=\"https:\/\/sabrinacordal.com\/en\/contacto\/\">\n\t\t\t\t\t\t<span class=\"elementor-button-content-wrapper\">\n\t\t\t\t\t\t\t\t\t<span class=\"elementor-button-text\">Contact Me<\/span>\n\t\t\t\t\t<\/span>\n\t\t\t\t\t<\/a>\n\t\t\t\t<\/div>\n\t\t\t\t\t\t\t\t<\/div>\n\t\t\t\t<\/div>\n\t\t\t\t\t<\/div>\n\t\t\t\t<\/div>\n\t\t<div class=\"elementor-element elementor-element-77b5684 e-flex e-con-boxed e-con e-parent\" data-id=\"77b5684\" data-element_type=\"container\" data-e-type=\"container\">\n\t\t\t\t\t<div class=\"e-con-inner\">\n\t\t<div class=\"elementor-element elementor-element-bb352af e-con-full e-flex e-con e-child\" data-id=\"bb352af\" data-element_type=\"container\" data-e-type=\"container\">\n\t\t\t\t<div class=\"elementor-element elementor-element-86c66e9 elementor-widget elementor-widget-text-editor\" data-id=\"86c66e9\" data-element_type=\"widget\" data-e-type=\"widget\" data-widget_type=\"text-editor.default\">\n\t\t\t\t<div class=\"elementor-widget-container\">\n\t\t\t\t\t\t\t\t\t<h3 class=\"translation-block\">Download <span style=\"color: #dd183b\">free<\/span> habit tracker templates<\/h3>\t\t\t\t\t\t\t\t<\/div>\n\t\t\t\t<\/div>\n\t\t\t\t<\/div>\n\t\t<div class=\"elementor-element elementor-element-fd0606b e-con-full e-flex e-con e-child\" data-id=\"fd0606b\" data-element_type=\"container\" data-e-type=\"container\">\n\t\t\t\t<div class=\"elementor-element elementor-element-e87e786 elementor-widget elementor-widget-image\" data-id=\"e87e786\" data-element_type=\"widget\" data-e-type=\"widget\" data-widget_type=\"image.default\">\n\t\t\t\t<div class=\"elementor-widget-container\">\n\t\t\t\t\t\t\t\t\t\t\t\t\t\t\t<img loading=\"lazy\" decoding=\"async\" width=\"2560\" height=\"1706\" src=\"https:\/\/sabrinacordal.com\/wp-content\/uploads\/2024\/05\/mi-tracker-scaled.webp\" class=\"attachment-full size-full wp-image-1079\" alt=\"\" srcset=\"https:\/\/sabrinacordal.com\/wp-content\/uploads\/2024\/05\/mi-tracker-scaled.webp 2560w, https:\/\/sabrinacordal.com\/wp-content\/uploads\/2024\/05\/mi-tracker-300x200.webp 300w, https:\/\/sabrinacordal.com\/wp-content\/uploads\/2024\/05\/mi-tracker-scaled-600x400.webp 600w, https:\/\/sabrinacordal.com\/wp-content\/uploads\/2024\/05\/mi-tracker-1024x683.webp 1024w, https:\/\/sabrinacordal.com\/wp-content\/uploads\/2024\/05\/mi-tracker-768x512.webp 768w, https:\/\/sabrinacordal.com\/wp-content\/uploads\/2024\/05\/mi-tracker-1536x1024.webp 1536w, https:\/\/sabrinacordal.com\/wp-content\/uploads\/2024\/05\/mi-tracker-2048x1365.webp 2048w, https:\/\/sabrinacordal.com\/wp-content\/uploads\/2024\/05\/mi-tracker-18x12.webp 18w\" sizes=\"(max-width: 2560px) 100vw, 2560px\" \/>\t\t\t\t\t\t\t\t\t\t\t\t\t\t\t<\/div>\n\t\t\t\t<\/div>\n\t\t\t\t<\/div>\n\t\t\t\t\t<\/div>\n\t\t\t\t<\/div>\n\t\t<div class=\"elementor-element elementor-element-3d2d272 e-flex e-con-boxed e-con e-parent\" data-id=\"3d2d272\" data-element_type=\"container\" data-e-type=\"container\" data-settings=\"{&quot;background_background&quot;:&quot;classic&quot;}\">\n\t\t\t\t\t<div class=\"e-con-inner\">\n\t\t\t\t<div class=\"elementor-element elementor-element-3e232a8 elementor-widget elementor-widget-heading\" data-id=\"3e232a8\" data-element_type=\"widget\" data-e-type=\"widget\" data-widget_type=\"heading.default\">\n\t\t\t\t<div class=\"elementor-widget-container\">\n\t\t\t\t\t<h2 class=\"elementor-heading-title elementor-size-default\">\u201cTurning words into action, vision into reality, and brands into lasting legacies.\u201d<\/h2>\t\t\t\t<\/div>\n\t\t\t\t<\/div>\n\t\t\t\t\t<\/div>\n\t\t\t\t<\/div>\n\t\t\t\t<\/div>","protected":false},"excerpt":{"rendered":"<p>Eventos Pasados Pr\u00f3ximos Eventos Ver Evento Speaker \u00a1Potencia tu evento con workshops impactantes y conferencias inspiradoras en Espa\u00f1ol &#038; Ingl\u00e9s! \u00bfEst\u00e1s planeando un evento que marque la diferencia? Te ofrezco la combinaci\u00f3n perfecta de workshops din\u00e1micos y presentaciones motivadoras que dejar\u00e1n una impresi\u00f3n duradera en tu audiencia.\u00a0 Mis workshops est\u00e1n dise\u00f1ados para proporcionar herramientas pr\u00e1cticas [&hellip;]<\/p>\n","protected":false},"author":1,"featured_media":0,"parent":0,"menu_order":0,"comment_status":"closed","ping_status":"closed","template":"","meta":{"footnotes":""},"class_list":["post-1257","page","type-page","status-publish","hentry"],"blocksy_meta":{"has_hero_section":"disabled","styles_descriptor":{"styles":{"desktop":"","tablet":"","mobile":""},"google_fonts":[],"version":6}},"jetpack_sharing_enabled":true,"_links":{"self":[{"href":"https:\/\/sabrinacordal.com\/en\/wp-json\/wp\/v2\/pages\/1257","targetHints":{"allow":["GET"]}}],"collection":[{"href":"https:\/\/sabrinacordal.com\/en\/wp-json\/wp\/v2\/pages"}],"about":[{"href":"https:\/\/sabrinacordal.com\/en\/wp-json\/wp\/v2\/types\/page"}],"author":[{"embeddable":true,"href":"https:\/\/sabrinacordal.com\/en\/wp-json\/wp\/v2\/users\/1"}],"replies":[{"embeddable":true,"href":"https:\/\/sabrinacordal.com\/en\/wp-json\/wp\/v2\/comments?post=1257"}],"version-history":[{"count":100,"href":"https:\/\/sabrinacordal.com\/en\/wp-json\/wp\/v2\/pages\/1257\/revisions"}],"predecessor-version":[{"id":3430,"href":"https:\/\/sabrinacordal.com\/en\/wp-json\/wp\/v2\/pages\/1257\/revisions\/3430"}],"wp:attachment":[{"href":"https:\/\/sabrinacordal.com\/en\/wp-json\/wp\/v2\/media?parent=1257"}],"curies":[{"name":"wp","href":"https:\/\/api.w.org\/{rel}","templated":true}]}}