{"id":4592,"date":"2024-12-29T00:26:10","date_gmt":"2024-12-29T00:26:10","guid":{"rendered":"https:\/\/sabrinacordal.com\/?page_id=4592"},"modified":"2025-02-27T23:26:04","modified_gmt":"2025-02-27T23:26:04","slug":"mujer10en1","status":"publish","type":"page","link":"https:\/\/sabrinacordal.com\/en\/mujer10en1\/","title":{"rendered":"Mujer 10 en 1 Info"},"content":{"rendered":"<div data-elementor-type=\"wp-page\" data-elementor-id=\"4592\" class=\"elementor elementor-4592\">\n\t\t\t\t<div class=\"elementor-element elementor-element-c6316e6 e-flex e-con-boxed e-con e-parent\" data-id=\"c6316e6\" data-element_type=\"container\" data-e-type=\"container\">\n\t\t\t\t\t<div class=\"e-con-inner\">\n\t\t<div class=\"elementor-element elementor-element-0bb640c e-con-full e-flex e-con e-child\" data-id=\"0bb640c\" data-element_type=\"container\" data-e-type=\"container\">\n\t\t\t\t<div class=\"elementor-element elementor-element-98fbc06 elementor-widget elementor-widget-image\" data-id=\"98fbc06\" data-element_type=\"widget\" data-e-type=\"widget\" data-widget_type=\"image.default\">\n\t\t\t\t<div class=\"elementor-widget-container\">\n\t\t\t\t\t\t\t\t\t\t\t\t\t\t\t<img fetchpriority=\"high\" decoding=\"async\" width=\"1024\" height=\"1024\" src=\"https:\/\/sabrinacordal.com\/wp-content\/uploads\/2024\/12\/Beige-Black-Modern-Minimal-Elegant-Business-Coach-Instagram-Post-1024x1024.jpg\" class=\"attachment-large size-large wp-image-3989\" alt=\"\" srcset=\"https:\/\/sabrinacordal.com\/wp-content\/uploads\/2024\/12\/Beige-Black-Modern-Minimal-Elegant-Business-Coach-Instagram-Post-1024x1024.jpg 1024w, https:\/\/sabrinacordal.com\/wp-content\/uploads\/2024\/12\/Beige-Black-Modern-Minimal-Elegant-Business-Coach-Instagram-Post-300x300.jpg 300w, https:\/\/sabrinacordal.com\/wp-content\/uploads\/2024\/12\/Beige-Black-Modern-Minimal-Elegant-Business-Coach-Instagram-Post-150x150.jpg 150w, https:\/\/sabrinacordal.com\/wp-content\/uploads\/2024\/12\/Beige-Black-Modern-Minimal-Elegant-Business-Coach-Instagram-Post-768x768.jpg 768w, https:\/\/sabrinacordal.com\/wp-content\/uploads\/2024\/12\/Beige-Black-Modern-Minimal-Elegant-Business-Coach-Instagram-Post-100x100.jpg 100w, https:\/\/sabrinacordal.com\/wp-content\/uploads\/2024\/12\/Beige-Black-Modern-Minimal-Elegant-Business-Coach-Instagram-Post-12x12.jpg 12w, https:\/\/sabrinacordal.com\/wp-content\/uploads\/2024\/12\/Beige-Black-Modern-Minimal-Elegant-Business-Coach-Instagram-Post-600x600.jpg 600w, https:\/\/sabrinacordal.com\/wp-content\/uploads\/2024\/12\/Beige-Black-Modern-Minimal-Elegant-Business-Coach-Instagram-Post.jpg 1080w\" sizes=\"(max-width: 1024px) 100vw, 1024px\" \/>\t\t\t\t\t\t\t\t\t\t\t\t\t\t\t<\/div>\n\t\t\t\t<\/div>\n\t\t\t\t<\/div>\n\t\t\t\t\t<\/div>\n\t\t\t\t<\/div>\n\t\t<div class=\"elementor-element elementor-element-3311302 e-flex e-con-boxed e-con e-parent\" data-id=\"3311302\" data-element_type=\"container\" data-e-type=\"container\">\n\t\t\t\t\t<div class=\"e-con-inner\">\n\t\t\t\t<div class=\"elementor-element elementor-element-6988ccf elementor-widget elementor-widget-text-editor\" data-id=\"6988ccf\" data-element_type=\"widget\" data-e-type=\"widget\" data-widget_type=\"text-editor.default\">\n\t\t\t\t<div class=\"elementor-widget-container\">\n\t\t\t\t\t\t\t\t\t<h4 style=\"text-align: center;\"><span style=\"color: #ffcc00;\"><strong>\u00bfEst\u00e1s lista para llevar tu vida al siguiente nivel?<\/strong><\/span><\/h4><p style=\"text-align: center;\">\u00danete a nuestras mentor\u00edas semanales, dise\u00f1adas para mujeres que desean empoderarse en cada aspecto de su vida, tanto personal como profesional.<\/p>\t\t\t\t\t\t\t\t<\/div>\n\t\t\t\t<\/div>\n\t\t\t\t\t<\/div>\n\t\t\t\t<\/div>\n\t\t<div class=\"elementor-element elementor-element-4587227 e-flex e-con-boxed e-con e-parent\" data-id=\"4587227\" data-element_type=\"container\" data-e-type=\"container\">\n\t\t\t\t\t<div class=\"e-con-inner\">\n\t\t\t\t<div class=\"elementor-element elementor-element-1b7860b elementor-widget elementor-widget-text-editor\" data-id=\"1b7860b\" data-element_type=\"widget\" data-e-type=\"widget\" data-widget_type=\"text-editor.default\">\n\t\t\t\t<div class=\"elementor-widget-container\">\n\t\t\t\t\t\t\t\t\t<h4 style=\"text-align: center;\"><strong>\u00bfQu\u00e9 es Mujer 10 en 1?<\/strong><\/h4><p style=\"text-align: center;\"><span style=\"font-family: inherit; font-size: inherit; font-style: inherit; font-variant-ligatures: inherit; font-variant-caps: inherit; font-weight: inherit; text-align: var(--text-align); color: var(--theme-text-color); letter-spacing: var(--theme-letter-spacing); text-transform: var(--theme-text-transform);\">Un programa exclusivo dise\u00f1ado para mujeres que quieren crecer, aprender y liderar su vida personal y profesional. Aqu\u00ed encontrar\u00e1s mentor\u00edas, herramientas y una comunidad para acompa\u00f1arte en cada paso de tu transformaci\u00f3n.<\/span><\/p>\t\t\t\t\t\t\t\t<\/div>\n\t\t\t\t<\/div>\n\t\t\t\t\t<\/div>\n\t\t\t\t<\/div>\n\t\t<div class=\"elementor-element elementor-element-e3ac978 e-flex e-con-boxed e-con e-parent\" data-id=\"e3ac978\" data-element_type=\"container\" data-e-type=\"container\">\n\t\t\t\t\t<div class=\"e-con-inner\">\n\t\t\t\t<div class=\"elementor-element elementor-element-525a5ee elementor-widget elementor-widget-text-editor\" data-id=\"525a5ee\" data-element_type=\"widget\" data-e-type=\"widget\" data-widget_type=\"text-editor.default\">\n\t\t\t\t<div class=\"elementor-widget-container\">\n\t\t\t\t\t\t\t\t\t<h4>\u00bfQu\u00e9 incluye esta membres\u00eda?<\/h4><p>\ud83d\udc51 <span style=\"color: #ffcc00;\"><strong>Grupo VIP<\/strong><\/span><\/p><p>Acceso a una comunidad exclusiva de mujeres dise\u00f1ada para <b>inspirarte <\/b>y\u00a0<strong style=\"color: var(--theme-text-color); font-family: var(--theme-font-family); font-size: var(--theme-font-size); font-style: var(--theme-font-style, inherit); font-variant-ligatures: inherit; font-variant-caps: inherit; letter-spacing: var(--theme-letter-spacing); text-transform: var(--theme-text-transform);\">acompa\u00f1arte <\/strong><span style=\"color: var(--theme-text-color); font-family: var(--theme-font-family); font-size: var(--theme-font-size); font-style: var(--theme-font-style, inherit); font-variant-ligatures: inherit; font-variant-caps: inherit; letter-spacing: var(--theme-letter-spacing); text-transform: var(--theme-text-transform);\">en tu proceso de\u00a0<\/span><strong style=\"color: var(--theme-text-color); font-family: var(--theme-font-family); font-size: var(--theme-font-size); font-style: var(--theme-font-style, inherit); font-variant-ligatures: inherit; font-variant-caps: inherit; letter-spacing: var(--theme-letter-spacing); text-transform: var(--theme-text-transform);\">transformaci\u00f3n<\/strong><\/p><p><span style=\"color: #ffcc00;\">\ud83d\udc51 <strong>Mentor\u00edas Semanales en Vivo<\/strong><\/span><\/p><p>Sesiones din\u00e1micas con expertas, todas grabadas para que las revises cuando quieras<\/p><p><span style=\"color: #ffcc00;\">\ud83d\udc51 <strong>Master &amp; Bonus Classes<\/strong><\/span><\/p><p>Clases magistrales de diferentes \u00e1reas, llenas de contenido pr\u00e1ctico y valioso<\/p><p><span style=\"color: #ffcc00;\">\ud83d\udc51 <strong>D\u00eda de Networking<\/strong><\/span><\/p><p>Un espacio dedicado a conectar y crear alianzas estrat\u00e9gicas con otras integrantes de la comunidad<\/p><p><span style=\"color: #ffcc00;\">\u2705 <strong>Libros Digitales<\/strong><\/span><\/p><p>Accede a una selecci\u00f3n mensual de libros dise\u00f1ados para potenciar tu desarrollo personal y profesional<\/p><p><span style=\"color: #ffcc00;\">\u2705 <strong>Material Exclusivo<\/strong><\/span><\/p><p>Herramientas adicionales que complementan las mentor\u00edas y te ayudan a avanzar<\/p><p><span style=\"color: #ffcc00;\">\u2705 <strong>Seguimiento Personalizado<\/strong><\/span><\/p><p>Apoyo para acompa\u00f1ar tu proceso de transformaci\u00f3n personal, asegur\u00e1ndote el m\u00e1ximo aprovechamiento del programa<\/p><p><span style=\"color: #ffcc00;\">\u2705 <strong>Certificados de Participaci\u00f3n<\/strong><\/span><\/p><p>Recibe certificados que validan tus logros y aprendizaje en cada etapa del programa<\/p><p><span style=\"color: #ffcc00;\">\u2705 <strong>Portal Exclusivo<\/strong><\/span><\/p><p>Accede a una plataforma personalizada dise\u00f1ada para:<\/p><ul><li><p>Visualizar tus cursos<\/p><\/li><li><p>Acceder a mentor\u00edas grabadas<\/p><\/li><li><p>Eventos y Networking<\/p><\/li><li><p>Gestionar tu perfil personalizado<\/p><\/li><\/ul><p><span style=\"color: #ffcc00;\">\u2705<strong>Monitoreo de Progreso<\/strong><\/span><\/p><p>Lleva un registro organizado de tus avances y logros dentro del portal, a tu ritmo y conveniencia<\/p><div><hr \/><\/div><h3>\u00bfC\u00f3mo pagar?<\/h3><p>\ud83d\udccc <strong>Opciones disponibles<\/strong>:<\/p><ul><li>Mercado Pago (v\u00e1lido solo para Argentina)<\/li><li>PayPal<\/li><\/ul><div><hr \/><\/div><p>Con esta oferta especial, tienes acceso a una experiencia completa para transformar tu vida personal y profesional.<\/p><p><strong>\u00a1No dejes pasar esta oportunidad! \ud83d\ude80\u2728<\/strong><\/p>\t\t\t\t\t\t\t\t<\/div>\n\t\t\t\t<\/div>\n\t\t\t\t\t<\/div>\n\t\t\t\t<\/div>\n\t\t<div class=\"elementor-element elementor-element-c5761e7 e-flex e-con-boxed e-con e-parent\" data-id=\"c5761e7\" data-element_type=\"container\" data-e-type=\"container\">\n\t\t\t\t\t<div class=\"e-con-inner\">\n\t\t\t\t<div class=\"elementor-element elementor-element-15315b3 elementor-fixed e-transform elementor-invisible elementor-widget elementor-widget-eael-creative-button\" data-id=\"15315b3\" data-element_type=\"widget\" data-e-type=\"widget\" data-settings=\"{&quot;_position&quot;:&quot;fixed&quot;,&quot;_animation&quot;:&quot;swing&quot;,&quot;_transform_skewX_effect&quot;:{&quot;unit&quot;:&quot;px&quot;,&quot;size&quot;:&quot;&quot;,&quot;sizes&quot;:[]},&quot;_transform_skewX_effect_tablet&quot;:{&quot;unit&quot;:&quot;deg&quot;,&quot;size&quot;:&quot;&quot;,&quot;sizes&quot;:[]},&quot;_transform_skewX_effect_mobile&quot;:{&quot;unit&quot;:&quot;deg&quot;,&quot;size&quot;:&quot;&quot;,&quot;sizes&quot;:[]},&quot;_transform_skewY_effect&quot;:{&quot;unit&quot;:&quot;px&quot;,&quot;size&quot;:&quot;&quot;,&quot;sizes&quot;:[]},&quot;_transform_skewY_effect_tablet&quot;:{&quot;unit&quot;:&quot;deg&quot;,&quot;size&quot;:&quot;&quot;,&quot;sizes&quot;:[]},&quot;_transform_skewY_effect_mobile&quot;:{&quot;unit&quot;:&quot;deg&quot;,&quot;size&quot;:&quot;&quot;,&quot;sizes&quot;:[]}}\" data-widget_type=\"eael-creative-button.default\">\n\t\t\t\t<div class=\"elementor-widget-container\">\n\t\t\t\t\t        <div class=\"eael-creative-button-wrapper\">\n\n            <a class=\"eael-creative-button eael-creative-button--rayen eael-cb-icon-position-\" href=\"\/en\/mujer10en1pagos\/\" data-text=\"Quiero Ser Parte\">\n            \t    \n                <div class=\"creative-button-inner\">\n\n                    \n                    <span class=\"cretive-button-text\">Unirme Ahora<\/span>\n\n                                    <\/div>\n\t                        <\/a>\n        <\/div>\n        \t\t\t\t<\/div>\n\t\t\t\t<\/div>\n\t\t\t\t<div class=\"elementor-element elementor-element-8bbfb69 e-transform elementor-invisible elementor-widget elementor-widget-eael-creative-button\" data-id=\"8bbfb69\" data-element_type=\"widget\" data-e-type=\"widget\" data-settings=\"{&quot;_animation&quot;:&quot;swing&quot;,&quot;_transform_skewX_effect&quot;:{&quot;unit&quot;:&quot;px&quot;,&quot;size&quot;:&quot;&quot;,&quot;sizes&quot;:[]},&quot;_transform_skewX_effect_tablet&quot;:{&quot;unit&quot;:&quot;deg&quot;,&quot;size&quot;:&quot;&quot;,&quot;sizes&quot;:[]},&quot;_transform_skewX_effect_mobile&quot;:{&quot;unit&quot;:&quot;deg&quot;,&quot;size&quot;:&quot;&quot;,&quot;sizes&quot;:[]},&quot;_transform_skewY_effect&quot;:{&quot;unit&quot;:&quot;px&quot;,&quot;size&quot;:&quot;&quot;,&quot;sizes&quot;:[]},&quot;_transform_skewY_effect_tablet&quot;:{&quot;unit&quot;:&quot;deg&quot;,&quot;size&quot;:&quot;&quot;,&quot;sizes&quot;:[]},&quot;_transform_skewY_effect_mobile&quot;:{&quot;unit&quot;:&quot;deg&quot;,&quot;size&quot;:&quot;&quot;,&quot;sizes&quot;:[]}}\" data-widget_type=\"eael-creative-button.default\">\n\t\t\t\t<div class=\"elementor-widget-container\">\n\t\t\t\t\t        <div class=\"eael-creative-button-wrapper\">\n\n            <a class=\"eael-creative-button eael-creative-button--rayen eael-cb-icon-position-\" href=\"\/en\/mujer10en1pagos\/\" data-text=\"Quiero Ser Parte\">\n            \t    \n                <div class=\"creative-button-inner\">\n\n                    \n                    <span class=\"cretive-button-text\">Unirme Ahora<\/span>\n\n                                    <\/div>\n\t                        <\/a>\n        <\/div>\n        \t\t\t\t<\/div>\n\t\t\t\t<\/div>\n\t\t\t\t\t<\/div>\n\t\t\t\t<\/div>\n\t\t<div class=\"elementor-element elementor-element-fdd02f8 e-flex e-con-boxed e-con e-parent\" data-id=\"fdd02f8\" data-element_type=\"container\" data-e-type=\"container\">\n\t\t\t\t\t<div class=\"e-con-inner\">\n\t\t\t\t\t<\/div>\n\t\t\t\t<\/div>\n\t\t\t\t<\/div>","protected":false},"excerpt":{"rendered":"<p>\u00bfEst\u00e1s lista para llevar tu vida al siguiente nivel? \u00danete a nuestras mentor\u00edas semanales, dise\u00f1adas para mujeres que desean empoderarse en cada aspecto de su vida, tanto personal como profesional. \u00bfQu\u00e9 es Mujer 10 en 1? Un programa exclusivo dise\u00f1ado para mujeres que quieren crecer, aprender y liderar su vida personal y profesional. Aqu\u00ed encontrar\u00e1s [&hellip;]<\/p>\n","protected":false},"author":2,"featured_media":0,"parent":0,"menu_order":0,"comment_status":"closed","ping_status":"closed","template":"","meta":{"footnotes":""},"class_list":["post-4592","page","type-page","status-publish","hentry"],"blocksy_meta":{"has_hero_section":"disabled","page_structure_type":"type-4","styles_descriptor":{"styles":{"desktop":"","tablet":"","mobile":""},"google_fonts":[],"version":6}},"jetpack_sharing_enabled":true,"_links":{"self":[{"href":"https:\/\/sabrinacordal.com\/en\/wp-json\/wp\/v2\/pages\/4592","targetHints":{"allow":["GET"]}}],"collection":[{"href":"https:\/\/sabrinacordal.com\/en\/wp-json\/wp\/v2\/pages"}],"about":[{"href":"https:\/\/sabrinacordal.com\/en\/wp-json\/wp\/v2\/types\/page"}],"author":[{"embeddable":true,"href":"https:\/\/sabrinacordal.com\/en\/wp-json\/wp\/v2\/users\/2"}],"replies":[{"embeddable":true,"href":"https:\/\/sabrinacordal.com\/en\/wp-json\/wp\/v2\/comments?post=4592"}],"version-history":[{"count":32,"href":"https:\/\/sabrinacordal.com\/en\/wp-json\/wp\/v2\/pages\/4592\/revisions"}],"predecessor-version":[{"id":4628,"href":"https:\/\/sabrinacordal.com\/en\/wp-json\/wp\/v2\/pages\/4592\/revisions\/4628"}],"wp:attachment":[{"href":"https:\/\/sabrinacordal.com\/en\/wp-json\/wp\/v2\/media?parent=4592"}],"curies":[{"name":"wp","href":"https:\/\/api.w.org\/{rel}","templated":true}]}}