{"id":6109,"date":"2026-04-08T21:51:53","date_gmt":"2026-04-08T21:51:53","guid":{"rendered":"https:\/\/sabrinacordal.com\/?page_id=6109"},"modified":"2026-04-08T22:02:51","modified_gmt":"2026-04-08T22:02:51","slug":"marca-personal","status":"publish","type":"page","link":"https:\/\/sabrinacordal.com\/en\/marca-personal\/","title":{"rendered":"Marca Personal"},"content":{"rendered":"<div data-elementor-type=\"wp-page\" data-elementor-id=\"6109\" class=\"elementor elementor-6109\">\n\t\t\t\t<div class=\"elementor-element elementor-element-1bf2bbe e-flex e-con-boxed e-con e-parent\" data-id=\"1bf2bbe\" data-element_type=\"container\" data-e-type=\"container\" data-settings=\"{&quot;background_background&quot;:&quot;classic&quot;}\">\n\t\t\t\t\t<div class=\"e-con-inner\">\n\t\t\t\t<div class=\"elementor-element elementor-element-b172a3a elementor-widget__width-initial elementor-widget elementor-widget-heading\" data-id=\"b172a3a\" data-element_type=\"widget\" data-e-type=\"widget\" data-widget_type=\"heading.default\">\n\t\t\t\t<div class=\"elementor-widget-container\">\n\t\t\t\t\t<h2 class=\"elementor-heading-title elementor-size-default\">Marca   Personal <\/h2>\t\t\t\t<\/div>\n\t\t\t\t<\/div>\n\t\t\t\t\t<\/div>\n\t\t\t\t<\/div>\n\t\t<div class=\"elementor-element elementor-element-a8fc609 e-flex e-con-boxed e-con e-parent\" data-id=\"a8fc609\" data-element_type=\"container\" data-e-type=\"container\">\n\t\t\t\t\t<div class=\"e-con-inner\">\n\t\t\t\t<div class=\"elementor-element elementor-element-8004268 elementor-widget-divider--view-line elementor-widget elementor-widget-divider\" data-id=\"8004268\" data-element_type=\"widget\" data-e-type=\"widget\" data-widget_type=\"divider.default\">\n\t\t\t\t<div class=\"elementor-widget-container\">\n\t\t\t\t\t\t\t<div class=\"elementor-divider\">\n\t\t\t<span class=\"elementor-divider-separator\">\n\t\t\t\t\t\t<\/span>\n\t\t<\/div>\n\t\t\t\t\t\t<\/div>\n\t\t\t\t<\/div>\n\t\t\t\t\t<\/div>\n\t\t\t\t<\/div>\n\t\t<div class=\"elementor-element elementor-element-6084e2c e-flex e-con-boxed e-con e-parent\" data-id=\"6084e2c\" data-element_type=\"container\" data-e-type=\"container\" data-settings=\"{&quot;background_background&quot;:&quot;classic&quot;}\">\n\t\t\t\t\t<div class=\"e-con-inner\">\n\t\t<div class=\"elementor-element elementor-element-a42b18a e-con-full e-flex e-con e-child\" data-id=\"a42b18a\" data-element_type=\"container\" data-e-type=\"container\">\n\t\t\t\t<div class=\"elementor-element elementor-element-69648d9 e-transform elementor-widget elementor-widget-heading\" data-id=\"69648d9\" data-element_type=\"widget\" data-e-type=\"widget\" data-settings=\"{&quot;_transform_translateY_effect_mobile&quot;:{&quot;unit&quot;:&quot;px&quot;,&quot;size&quot;:0,&quot;sizes&quot;:[]},&quot;_transform_translateX_effect&quot;:{&quot;unit&quot;:&quot;px&quot;,&quot;size&quot;:&quot;&quot;,&quot;sizes&quot;:[]},&quot;_transform_translateX_effect_tablet&quot;:{&quot;unit&quot;:&quot;px&quot;,&quot;size&quot;:&quot;&quot;,&quot;sizes&quot;:[]},&quot;_transform_translateX_effect_mobile&quot;:{&quot;unit&quot;:&quot;px&quot;,&quot;size&quot;:&quot;&quot;,&quot;sizes&quot;:[]},&quot;_transform_translateY_effect&quot;:{&quot;unit&quot;:&quot;px&quot;,&quot;size&quot;:&quot;&quot;,&quot;sizes&quot;:[]},&quot;_transform_translateY_effect_tablet&quot;:{&quot;unit&quot;:&quot;px&quot;,&quot;size&quot;:&quot;&quot;,&quot;sizes&quot;:[]}}\" data-widget_type=\"heading.default\">\n\t\t\t\t<div class=\"elementor-widget-container\">\n\t\t\t\t\t<h3 class=\"elementor-heading-title elementor-size-default\">Coaching empresarial, team building y desarrollo de equipos para organizaciones que quieren claridad, comunicaci\u00f3n y resultados reales.<\/h3>\t\t\t\t<\/div>\n\t\t\t\t<\/div>\n\t\t\t\t<div class=\"elementor-element elementor-element-ea9ae15 elementor-widget__width-initial elementor-widget elementor-widget-text-editor\" data-id=\"ea9ae15\" data-element_type=\"widget\" data-e-type=\"widget\" data-widget_type=\"text-editor.default\">\n\t\t\t\t<div class=\"elementor-widget-container\">\n\t\t\t\t\t\t\t\t\t<h5 style=\"text-align: center;\" data-start=\"948\" data-end=\"1001\"><span style=\"color: #ff0000;\">Las empresas no crecen solo con estrategia.<\/span><br data-start=\"567\" data-end=\"570\" \/><span style=\"color: #ff0000;\">Crecen con personas alineadas, comunicaci\u00f3n clara y equipos que funcionan.<\/span><\/h5><h5 style=\"text-align: center;\" data-start=\"646\" data-end=\"676\"><em><span style=\"color: #000000;\">Si en tu organizaci\u00f3n hoy hay:<\/span><\/em><\/h5><ul style=\"text-align: center;\" data-start=\"678\" data-end=\"883\"><li data-section-id=\"bvd0jr\" data-start=\"678\" data-end=\"716\"><h5 style=\"text-align: center;\"><span style=\"color: #000000;\"><strong>Falta de comunicaci\u00f3n o alineaci\u00f3n<\/strong><\/span><\/h5><\/li><li style=\"text-align: center;\" data-section-id=\"opfpx6\" data-start=\"717\" data-end=\"757\"><h5><span style=\"color: #000000;\"><strong>Equipos desmotivados o desconectados<\/strong><\/span><\/h5><\/li><li style=\"text-align: center;\" data-section-id=\"1n21tp9\" data-start=\"758\" data-end=\"795\"><h5><span style=\"color: #000000;\"><strong>Liderazgo que necesita desarrollo<\/strong><\/span><\/h5><\/li><li style=\"text-align: center;\" data-section-id=\"xnm5vj\" data-start=\"796\" data-end=\"833\"><h5><span style=\"color: #000000;\"><strong>Dificultad para ejecutar con foco<\/strong><\/span><\/h5><\/li><li data-section-id=\"146xu1b\" data-start=\"834\" data-end=\"883\"><h5 style=\"text-align: center;\"><span style=\"color: #000000;\"><strong>Mucha actividad, pero pocos resultados claros<\/strong><\/span><\/h5><\/li><\/ul><h5 style=\"text-align: center;\" data-start=\"885\" data-end=\"925\"><span style=\"color: #ff0000;\"><strong>\u00a0 \u00a0 \u00a0 \u00a0 \u00a0 \u00a0 \u00a0 \u00a0 \u00a0 \u00a0 \ud83d\udc49 Es momento de trabajar desde adentro.<\/strong><\/span><\/h5>\t\t\t\t\t\t\t\t<\/div>\n\t\t\t\t<\/div>\n\t\t\t\t<div class=\"elementor-element elementor-element-2eca17a elementor-widget elementor-widget-text-editor\" data-id=\"2eca17a\" data-element_type=\"widget\" data-e-type=\"widget\" data-widget_type=\"text-editor.default\">\n\t\t\t\t<div class=\"elementor-widget-container\">\n\t\t\t\t\t\t\t\t\t<p data-start=\"524\" data-end=\"644\">\u00a0<\/p><p data-start=\"885\" data-end=\"925\">\u00a0<\/p>\t\t\t\t\t\t\t\t<\/div>\n\t\t\t\t<\/div>\n\t\t\t\t<\/div>\n\t\t\t\t\t<\/div>\n\t\t\t\t<\/div>\n\t\t<div class=\"elementor-element elementor-element-8b4d711 e-flex e-con-boxed e-con e-parent\" data-id=\"8b4d711\" data-element_type=\"container\" data-e-type=\"container\" data-settings=\"{&quot;background_background&quot;:&quot;gradient&quot;}\">\n\t\t\t\t\t<div class=\"e-con-inner\">\n\t\t\t\t<div class=\"elementor-element elementor-element-6e5f9bf e-transform elementor-widget elementor-widget-heading\" data-id=\"6e5f9bf\" data-element_type=\"widget\" data-e-type=\"widget\" data-settings=\"{&quot;_transform_translateY_effect_mobile&quot;:{&quot;unit&quot;:&quot;px&quot;,&quot;size&quot;:0,&quot;sizes&quot;:[]},&quot;_transform_translateX_effect&quot;:{&quot;unit&quot;:&quot;px&quot;,&quot;size&quot;:&quot;&quot;,&quot;sizes&quot;:[]},&quot;_transform_translateX_effect_tablet&quot;:{&quot;unit&quot;:&quot;px&quot;,&quot;size&quot;:&quot;&quot;,&quot;sizes&quot;:[]},&quot;_transform_translateX_effect_mobile&quot;:{&quot;unit&quot;:&quot;px&quot;,&quot;size&quot;:&quot;&quot;,&quot;sizes&quot;:[]},&quot;_transform_translateY_effect&quot;:{&quot;unit&quot;:&quot;px&quot;,&quot;size&quot;:&quot;&quot;,&quot;sizes&quot;:[]},&quot;_transform_translateY_effect_tablet&quot;:{&quot;unit&quot;:&quot;px&quot;,&quot;size&quot;:&quot;&quot;,&quot;sizes&quot;:[]}}\" data-widget_type=\"heading.default\">\n\t\t\t\t<div class=\"elementor-widget-container\">\n\t\t\t\t\t<h3 class=\"elementor-heading-title elementor-size-default\">\u201cLos equipos no fallan por falta de talento, sino por falta de claridad y comunicaci\u00f3n.\u201d<\/h3>\t\t\t\t<\/div>\n\t\t\t\t<\/div>\n\t\t<div class=\"elementor-element elementor-element-9b1312a e-con-full e-flex e-con e-child\" data-id=\"9b1312a\" data-element_type=\"container\" data-e-type=\"container\" data-settings=\"{&quot;background_background&quot;:&quot;classic&quot;}\">\n\t\t<div class=\"elementor-element elementor-element-3e96534 e-con-full e-transform e-flex e-con e-child\" data-id=\"3e96534\" data-element_type=\"container\" data-e-type=\"container\" data-settings=\"{&quot;_transform_translateY_effect&quot;:{&quot;unit&quot;:&quot;px&quot;,&quot;size&quot;:261,&quot;sizes&quot;:[]},&quot;_transform_translateX_effect&quot;:{&quot;unit&quot;:&quot;px&quot;,&quot;size&quot;:&quot;&quot;,&quot;sizes&quot;:[]},&quot;_transform_translateX_effect_tablet&quot;:{&quot;unit&quot;:&quot;px&quot;,&quot;size&quot;:&quot;&quot;,&quot;sizes&quot;:[]},&quot;_transform_translateX_effect_mobile&quot;:{&quot;unit&quot;:&quot;px&quot;,&quot;size&quot;:&quot;&quot;,&quot;sizes&quot;:[]},&quot;_transform_translateY_effect_tablet&quot;:{&quot;unit&quot;:&quot;px&quot;,&quot;size&quot;:&quot;&quot;,&quot;sizes&quot;:[]},&quot;_transform_translateY_effect_mobile&quot;:{&quot;unit&quot;:&quot;px&quot;,&quot;size&quot;:&quot;&quot;,&quot;sizes&quot;:[]}}\">\n\t\t\t\t<\/div>\n\t\t\t\t<\/div>\n\t\t\t\t\t<\/div>\n\t\t\t\t<\/div>\n\t\t<div class=\"elementor-element elementor-element-6c137fc e-flex e-con-boxed e-con e-parent\" data-id=\"6c137fc\" data-element_type=\"container\" data-e-type=\"container\" data-settings=\"{&quot;background_background&quot;:&quot;classic&quot;}\">\n\t\t\t\t\t<div class=\"e-con-inner\">\n\t\t<div class=\"elementor-element elementor-element-bd9f234 e-con-full e-flex e-con e-child\" data-id=\"bd9f234\" data-element_type=\"container\" data-e-type=\"container\">\n\t\t\t\t<\/div>\n\t\t<div class=\"elementor-element elementor-element-6857a97 e-con-full e-flex e-con e-child\" data-id=\"6857a97\" data-element_type=\"container\" data-e-type=\"container\">\n\t\t\t\t<div class=\"elementor-element elementor-element-db2f1f1 elementor-widget elementor-widget-text-editor\" data-id=\"db2f1f1\" data-element_type=\"widget\" data-e-type=\"widget\" data-widget_type=\"text-editor.default\">\n\t\t\t\t<div class=\"elementor-widget-container\">\n\t\t\t\t\t\t\t\t\t<h3 style=\"text-align: center;\" data-start=\"948\" data-end=\"1001\">Acompa\u00f1o a <span style=\"color: #ff0000;\">empresas<span style=\"color: #ffffff;\">,<\/span> equipos <span style=\"color: #ffffff;\">y<\/span> l\u00edderes<\/span> a desarrollar:<\/h3><h5 style=\"text-align: center;\" data-start=\"1003\" data-end=\"1113\"><span style=\"color: #ffffff;\">\u2714 Claridad en objetivos<\/span><br data-start=\"1026\" data-end=\"1029\" \/><span style=\"color: #ffffff;\">\u2714 Comunicaci\u00f3n efectiva<\/span><br data-start=\"1052\" data-end=\"1055\" \/><span style=\"color: #ffffff;\">\u2714 Cultura de equipo<\/span><br data-start=\"1074\" data-end=\"1077\" \/><span style=\"color: #ffffff;\">\u2714 Liderazgo<\/span><br data-start=\"1088\" data-end=\"1091\" \/><span style=\"color: #ffffff;\">\u2714 Ejecuci\u00f3n con foco<\/span><\/h5>\t\t\t\t\t\t\t\t<\/div>\n\t\t\t\t<\/div>\n\t\t\t\t<div class=\"elementor-element elementor-element-c316f8d elementor-widget elementor-widget-text-editor\" data-id=\"c316f8d\" data-element_type=\"widget\" data-e-type=\"widget\" data-widget_type=\"text-editor.default\">\n\t\t\t\t<div class=\"elementor-widget-container\">\n\t\t\t\t\t\t\t\t\t<h4 style=\"text-align: center;\"><strong>Trabajo personalizado con l\u00edderes, managers o equipos para mejorar desempe\u00f1o, toma de decisiones y resultados.<\/strong><\/h4><p>\u00a0<\/p><h4 data-start=\"1312\" data-end=\"1326\"><span style=\"color: #ff0000;\"><em><strong>\ud83d\udc49 Ideal para:<\/strong><\/em><\/span><\/h4><ul data-start=\"1327\" data-end=\"1403\"><li data-section-id=\"13udohi\" data-start=\"1327\" data-end=\"1348\"><h5 style=\"text-align: center;\">Due\u00f1os de negocio<\/h5><\/li><li style=\"text-align: center;\" data-section-id=\"107bvju\" data-start=\"1349\" data-end=\"1370\"><h5>L\u00edderes de equipo<\/h5><\/li><li data-section-id=\"cdcvk7\" data-start=\"1371\" data-end=\"1403\"><h5 style=\"text-align: center;\">Profesionales en crecimiento<\/h5><\/li><\/ul><h3 data-section-id=\"1evyre6\" data-start=\"1410\" data-end=\"1452\">\u00a0<\/h3><h3 style=\"text-align: center;\" data-section-id=\"1evyre6\" data-start=\"1410\" data-end=\"1452\">\ud83d\udd39 Team Building &amp; Din\u00e1micas de Equipo<\/h3><h5 style=\"text-align: center;\" data-start=\"1453\" data-end=\"1552\">Experiencias dise\u00f1adas para fortalecer la comunicaci\u00f3n, confianza y colaboraci\u00f3n dentro del equipo.<\/h5><p>\u00a0<\/p><h6 data-start=\"1554\" data-end=\"1565\">\ud83d\udc49 Incluye:<\/h6><ul data-start=\"1566\" data-end=\"1644\"><li data-section-id=\"1c5zl77\" data-start=\"1566\" data-end=\"1589\"><h6>Din\u00e1micas pr\u00e1cticas<\/h6><\/li><li data-section-id=\"wryl53\" data-start=\"1590\" data-end=\"1613\"><h6>Ejercicios grupales<\/h6><\/li><li data-section-id=\"x8wz6z\" data-start=\"1614\" data-end=\"1644\"><h6 style=\"text-align: left;\">Actividades de integraci\u00f3n<\/h6><\/li><\/ul><p>\u00a0<\/p><h4 style=\"text-align: center;\" data-start=\"1646\" data-end=\"1695\"><span style=\"color: #ff0000;\">\ud83d\udca5<strong> Resultado: equipos m\u00e1s conectados y efectivos.<\/strong><\/span><\/h4><h3 style=\"text-align: center;\" data-section-id=\"1hqpmsy\" data-start=\"1702\" data-end=\"1730\">\ud83d\udd39 Workshops &amp; Formaci\u00f3n<\/h3><h3 style=\"text-align: center;\" data-section-id=\"1hqpmsy\" data-start=\"1702\" data-end=\"1730\">\ud83d\udd39<\/h3><p>\u00a0<\/p><h5 style=\"text-align: center;\">Comunicaci\u00f3n efectiva<\/h5><p>\u00a0<\/p><h5 style=\"text-align: center;\">Liderazgo<\/h5><p>\u00a0<\/p><h5 style=\"text-align: center;\">Trabajo en equipo<\/h5><p>\u00a0<\/p><h5 style=\"text-align: center;\">Desarrollo personal y profesional<\/h5><p>\u00a0<\/p><h5 style=\"text-align: center;\">Imagen<\/h5><p>\u00a0<\/p><h5 style=\"text-align: center;\">Networking<\/h5><p>\u00a0<\/p><h3 style=\"text-align: center;\" data-section-id=\"1h1rnu9\" data-start=\"1867\" data-end=\"1907\">\ud83d\udd39<\/h3><h3 style=\"text-align: center;\" data-section-id=\"1h1rnu9\" data-start=\"1867\" data-end=\"1907\">Charlas Motivacionales -Speaker<\/h3><h3 style=\"text-align: center;\" data-section-id=\"1h1rnu9\" data-start=\"1867\" data-end=\"1907\">\ud83d\udd39<\/h3><h5 style=\"text-align: center;\" data-start=\"1908\" data-end=\"1987\"><span style=\"color: #ff0000;\">Conferencias de alto impacto que combinan inspiraci\u00f3n + herramientas pr\u00e1cticas.<\/span><\/h5><p>\u00a0<\/p><h5 style=\"text-align: left;\" data-start=\"1989\" data-end=\"1998\">\ud83d\udc49 Mentalidad y crecimiento<\/h5><h5 style=\"text-align: left;\">\ud83d\udc49Motivaci\u00f3n con acci\u00f3n<\/h5><h5 style=\"text-align: left;\">\ud83d\udc49Comunicaci\u00f3n y liderazgo<\/h5><h5 style=\"text-align: left;\">\ud83d\udc49 Y muchos temas m\u00e1s&#8230;<\/h5><h2 data-section-id=\"17p17ha\" data-start=\"2089\" data-end=\"2124\">\u00a0<\/h2><h2 style=\"text-align: center;\" data-section-id=\"17p17ha\" data-start=\"2089\" data-end=\"2124\">\ud83d\udca5\u00a0<\/h2><h2 style=\"text-align: center;\" data-section-id=\"17p17ha\" data-start=\"2089\" data-end=\"2124\">Mi enfoque integra:<\/h2><p>\u00a0<\/p><h5 style=\"text-align: left;\" data-start=\"2147\" data-end=\"2258\">\u2728 Coaching<\/h5><h5 style=\"text-align: left;\" data-start=\"2147\" data-end=\"2258\">\u2192 claridad y desbloqueo<\/h5><h5 style=\"text-align: left;\" data-start=\"2147\" data-end=\"2258\"><br data-start=\"2181\" data-end=\"2184\" \/>\u2728 Mentoring<\/h5><h5 style=\"text-align: left;\" data-start=\"2147\" data-end=\"2258\">\u2192 direcci\u00f3n con experiencia<\/h5><h5 style=\"text-align: left;\" data-start=\"2147\" data-end=\"2258\"><br data-start=\"2223\" data-end=\"2226\" \/>\u2728 Estrategia<\/h5><h5 style=\"text-align: left;\" data-start=\"2147\" data-end=\"2258\">\u2192 acci\u00f3n concreta<\/h5><p>\u00a0<\/p><h3 style=\"text-align: center;\" data-start=\"2260\" data-end=\"2339\"><span style=\"color: #ff0000;\">\ud83d\udca1 No trabajo solo en motivaci\u00f3n.<\/span><br data-start=\"2293\" data-end=\"2296\" \/><span style=\"color: #ff0000;\">Trabajo en resultados reales y sostenibles.<\/span><\/h3><p>\u00a0<\/p><p>\u00a0<\/p><h2 style=\"text-align: center;\" data-section-id=\"1reydll\" data-start=\"2346\" data-end=\"2386\">\ud83c\udfaf<\/h2><h2 style=\"text-align: center;\" data-section-id=\"1reydll\" data-start=\"2346\" data-end=\"2386\">\u00a0Las organizaciones con las que trabajo logran:<\/h2><p>\u00a0<\/p><h4 style=\"text-align: center;\" data-start=\"2436\" data-end=\"2585\">\u2714 Mejor comunicaci\u00f3n interna<br data-start=\"2464\" data-end=\"2467\" \/>\u2714 Equipos m\u00e1s alineados<br data-start=\"2490\" data-end=\"2493\" \/>\u2714 Mayor claridad en objetivos<br data-start=\"2522\" data-end=\"2525\" \/>\u2714 Liderazgo m\u00e1s s\u00f3lido<br data-start=\"2547\" data-end=\"2550\" \/>\u2714 Mejores resultados en ejecuci\u00f3n<\/h4><h2 data-section-id=\"1duj0aa\" data-start=\"2592\" data-end=\"2627\">\u00a0<\/h2><hr data-start=\"2799\" data-end=\"2802\" \/><h5 style=\"text-align: center;\" data-section-id=\"oor2gd\" data-start=\"2804\" data-end=\"2830\">\ud83d\ude80\u00a0Si quer\u00e9s mejorar como l\u00edder,\u00a0 fortalecer tu equipo, mejorar la comunicaci\u00f3n o desarrollar liderazgo dentro de tu organizaci\u00f3n comencemos<\/h5>\t\t\t\t\t\t\t\t<\/div>\n\t\t\t\t<\/div>\n\t\t\t\t<div class=\"elementor-element elementor-element-1ab77c9 elementor-align-center elementor-widget elementor-widget-button\" data-id=\"1ab77c9\" data-element_type=\"widget\" data-e-type=\"widget\" data-widget_type=\"button.default\">\n\t\t\t\t<div class=\"elementor-widget-container\">\n\t\t\t\t\t\t\t\t\t<div class=\"elementor-button-wrapper\">\n\t\t\t\t\t<a class=\"elementor-button elementor-button-link elementor-size-sm\" href=\"https:\/\/calendly.com\/cordalsabrina\/personal-coaching-or-business-advisor\">\n\t\t\t\t\t\t<span class=\"elementor-button-content-wrapper\">\n\t\t\t\t\t\t\t\t\t<span class=\"elementor-button-text\">Book your 15 min. FREE<\/span>\n\t\t\t\t\t<\/span>\n\t\t\t\t\t<\/a>\n\t\t\t\t<\/div>\n\t\t\t\t\t\t\t\t<\/div>\n\t\t\t\t<\/div>\n\t\t\t\t<\/div>\n\t\t<div class=\"elementor-element elementor-element-f1556e4 e-con-full e-flex e-con e-child\" data-id=\"f1556e4\" data-element_type=\"container\" data-e-type=\"container\">\n\t\t\t\t<\/div>\n\t\t\t\t\t<\/div>\n\t\t\t\t<\/div>\n\t\t<div class=\"elementor-element elementor-element-077cbe9 e-flex e-con-boxed e-con e-parent\" data-id=\"077cbe9\" data-element_type=\"container\" data-e-type=\"container\">\n\t\t\t\t\t<div class=\"e-con-inner\">\n\t\t<div class=\"elementor-element elementor-element-ec3f345 e-con-full e-flex e-con e-child\" data-id=\"ec3f345\" data-element_type=\"container\" data-e-type=\"container\">\n\t\t\t\t<div class=\"elementor-element elementor-element-4662f15 elementor-widget elementor-widget-text-editor\" data-id=\"4662f15\" data-element_type=\"widget\" data-e-type=\"widget\" data-widget_type=\"text-editor.default\">\n\t\t\t\t<div class=\"elementor-widget-container\">\n\t\t\t\t\t\t\t\t\t<h3 class=\"translation-block\">Download <span style=\"color: #dd183b\">free<\/span> habit tracker templates<\/h3>\t\t\t\t\t\t\t\t<\/div>\n\t\t\t\t<\/div>\n\t\t\t\t<\/div>\n\t\t<div class=\"elementor-element elementor-element-60519e4 e-con-full e-flex e-con e-child\" data-id=\"60519e4\" data-element_type=\"container\" data-e-type=\"container\">\n\t\t\t\t<div class=\"elementor-element elementor-element-cdd32f5 elementor-widget elementor-widget-image\" data-id=\"cdd32f5\" data-element_type=\"widget\" data-e-type=\"widget\" data-widget_type=\"image.default\">\n\t\t\t\t<div class=\"elementor-widget-container\">\n\t\t\t\t\t\t\t\t\t\t\t\t\t\t\t<img fetchpriority=\"high\" decoding=\"async\" width=\"2560\" height=\"1706\" src=\"https:\/\/sabrinacordal.com\/wp-content\/uploads\/2024\/05\/mi-tracker-scaled.webp\" class=\"attachment-full size-full wp-image-1079\" alt=\"\" srcset=\"https:\/\/sabrinacordal.com\/wp-content\/uploads\/2024\/05\/mi-tracker-scaled.webp 2560w, https:\/\/sabrinacordal.com\/wp-content\/uploads\/2024\/05\/mi-tracker-300x200.webp 300w, https:\/\/sabrinacordal.com\/wp-content\/uploads\/2024\/05\/mi-tracker-scaled-600x400.webp 600w, https:\/\/sabrinacordal.com\/wp-content\/uploads\/2024\/05\/mi-tracker-1024x683.webp 1024w, https:\/\/sabrinacordal.com\/wp-content\/uploads\/2024\/05\/mi-tracker-768x512.webp 768w, https:\/\/sabrinacordal.com\/wp-content\/uploads\/2024\/05\/mi-tracker-1536x1024.webp 1536w, https:\/\/sabrinacordal.com\/wp-content\/uploads\/2024\/05\/mi-tracker-2048x1365.webp 2048w, https:\/\/sabrinacordal.com\/wp-content\/uploads\/2024\/05\/mi-tracker-18x12.webp 18w\" sizes=\"(max-width: 2560px) 100vw, 2560px\" \/>\t\t\t\t\t\t\t\t\t\t\t\t\t\t\t<\/div>\n\t\t\t\t<\/div>\n\t\t\t\t<\/div>\n\t\t\t\t\t<\/div>\n\t\t\t\t<\/div>\n\t\t\t\t<\/div>","protected":false},"excerpt":{"rendered":"<p>Marca Personal Coaching empresarial, team building y desarrollo de equipos para organizaciones que quieren claridad, comunicaci\u00f3n y resultados reales. Las empresas no crecen solo con estrategia.Crecen con personas alineadas, comunicaci\u00f3n clara y equipos que funcionan. Si en tu organizaci\u00f3n hoy hay: Falta de comunicaci\u00f3n o alineaci\u00f3n Equipos desmotivados o desconectados Liderazgo que necesita desarrollo Dificultad [&hellip;]<\/p>\n","protected":false},"author":2,"featured_media":0,"parent":0,"menu_order":0,"comment_status":"closed","ping_status":"closed","template":"","meta":{"footnotes":""},"class_list":["post-6109","page","type-page","status-publish","hentry"],"blocksy_meta":{"has_hero_section":"disabled","styles_descriptor":{"styles":{"desktop":"","tablet":"","mobile":""},"google_fonts":[],"version":6}},"jetpack_sharing_enabled":true,"_links":{"self":[{"href":"https:\/\/sabrinacordal.com\/en\/wp-json\/wp\/v2\/pages\/6109","targetHints":{"allow":["GET"]}}],"collection":[{"href":"https:\/\/sabrinacordal.com\/en\/wp-json\/wp\/v2\/pages"}],"about":[{"href":"https:\/\/sabrinacordal.com\/en\/wp-json\/wp\/v2\/types\/page"}],"author":[{"embeddable":true,"href":"https:\/\/sabrinacordal.com\/en\/wp-json\/wp\/v2\/users\/2"}],"replies":[{"embeddable":true,"href":"https:\/\/sabrinacordal.com\/en\/wp-json\/wp\/v2\/comments?post=6109"}],"version-history":[{"count":4,"href":"https:\/\/sabrinacordal.com\/en\/wp-json\/wp\/v2\/pages\/6109\/revisions"}],"predecessor-version":[{"id":6113,"href":"https:\/\/sabrinacordal.com\/en\/wp-json\/wp\/v2\/pages\/6109\/revisions\/6113"}],"wp:attachment":[{"href":"https:\/\/sabrinacordal.com\/en\/wp-json\/wp\/v2\/media?parent=6109"}],"curies":[{"name":"wp","href":"https:\/\/api.w.org\/{rel}","templated":true}]}}