{"id":1355,"date":"2024-05-14T13:57:38","date_gmt":"2024-05-14T13:57:38","guid":{"rendered":"https:\/\/sabrinacordal.com\/?post_type=product&#038;p=1355"},"modified":"2025-01-01T02:26:23","modified_gmt":"2025-01-01T02:26:23","slug":"eresloqueeliges","status":"publish","type":"product","link":"https:\/\/sabrinacordal.com\/en\/product\/eresloqueeliges\/","title":{"rendered":"Eres lo que Eliges &#8211; Libro"},"content":{"rendered":"<p><span class=\"a-text-bold\">\u00bfEst\u00e1s viviendo la vida que realmente quer\u00e9s o solo la que te ven\u00eds conformando?\u00a0<\/span>Si este libro est\u00e1 frente a tus ojos, no es una coincidencia. Es una se\u00f1al. Algo dentro tuyo sabe que no pod\u00e9s seguir en piloto autom\u00e1tico. Que hay m\u00e1s. Que vos sos m\u00e1s.<\/p>\n<p>Eres lo que eliges no es un libro m\u00e1s. Es un desaf\u00edo directo. Un recorrido pr\u00e1ctico, profundo y transformador para tomar el control de tu vida, dejar de postergarte y empezar a construir una realidad alineada con tu prop\u00f3sito. \u00bfTe sent\u00eds estancado? \u00bfDesconectado? \u00bfCon ganas de cambiar pero sin saber por d\u00f3nde empezar? Este libro es la respuesta. Es acci\u00f3n. Es claridad. Es ese empuj\u00f3n que necesit\u00e1s.<\/p>\n<p>Sabrina Cordal \u2014especialista en comunicaci\u00f3n, liderazgo y desarrollo personal\u2014 te gu\u00eda paso a paso a trav\u00e9s de 11 cap\u00edtulos poderosos con herramientas concretas como el modelo GROW, el m\u00e9todo SMART y el Mapa de la Conciencia de David Hawkins. No vas a encontrar f\u00f3rmulas m\u00e1gicas, pero s\u00ed vas a encontrar ejercicios reales, estrategias<br \/>\nque funcionan y preguntas que incomodan&#8230; porque transforman.<\/p>\n<p>\u2714Descubr\u00ed qui\u00e9n sos.<br \/>\n\u2714Romp\u00e9 con lo que te frena.<br \/>\n\u2714Dise\u00f1\u00e1 objetivos con sentido.<br \/>\n\u2714Transform\u00e1 tu mentalidad.<br \/>\n\u2714Recuper\u00e1 tu foco, tu energ\u00eda y tu poder.<\/p>\n<p>Este libro no es para leer una vez y olvidarlo. Es para subrayarlo, escribirlo, trabajarlo y volver a \u00e9l cada vez que necesites reencontrarte con tu esencia. Porque no se trata solo de aprender, sino de\u00a0<span class=\"a-text-bold\">accionar con intenci\u00f3n, disciplina y compromiso real.<\/span><\/p>\n<p><span class=\"a-text-bold\">Cada decisi\u00f3n que tom\u00e1s te construye o te aleja de la vida que so\u00f1\u00e1s<\/span>. Este libro es tu hoja de ruta para inspirarte, empoderarte y liderarte desde adentro. Ideal para quienes est\u00e1n atravesando una transformaci\u00f3n personal, y tambi\u00e9n para profesionales, emprendedores y l\u00edderes que quieren impactar con autenticidad.<\/p>\n<p>Pas\u00e1 de la confusi\u00f3n a la claridad.<br \/>\nDel miedo a la acci\u00f3n.<br \/>\nDe la duda a la decisi\u00f3n.<br \/>\n<span class=\"a-text-bold\">\u00bfQu\u00e9 esper\u00e1s para transformar tu vida y tu realidad?<\/span><br \/>\nTodo empieza con una elecci\u00f3n. Y esa elecci\u00f3n es tuya.<\/p>\n<p>Cantidad de hojas: 214 | Lenguaje: Espa\u00f1ol | Publicaci\u00f3n: 8 de Mayo | ISBN-10: 9804375397<\/p>","protected":false},"excerpt":{"rendered":"<div class=\"woocommerce-product-details__short-description\">\n<h3 data-start=\"111\" data-end=\"162\">\u00bfViv\u00eds la vida que quer\u00e9s o la que te conforma?<\/h3>\n<p data-start=\"164\" data-end=\"232\">Si <em data-start=\"167\" data-end=\"187\">Eres lo que eliges<\/em> lleg\u00f3 a vos, no es casualidad. Es una se\u00f1al.<\/p>\n<p data-start=\"234\" data-end=\"382\">Este no es un libro m\u00e1s. Es una gu\u00eda clara y transformadora para salir del piloto autom\u00e1tico, dejar de postergarte y tomar decisiones con prop\u00f3sito.<\/p>\n<p data-start=\"384\" data-end=\"503\">\u2714 Romp\u00e9 con lo que te frena<br data-start=\"411\" data-end=\"414\" \/>\u2714 Redise\u00f1\u00e1 tu vida con herramientas reales<br data-start=\"456\" data-end=\"459\" \/>\u2714 Recuper\u00e1 tu poder, tu foco y tu claridad<\/p>\n<p data-start=\"505\" data-end=\"612\">No es para leer y olvidar. Es para trabajar y volver a \u00e9l cada vez que necesites reconectar con tu esencia.<\/p>\n<p data-start=\"614\" data-end=\"675\"><strong data-start=\"614\" data-end=\"675\">Es el empuj\u00f3n que necesit\u00e1s para liderarte desde adentro.<\/strong><\/p>\n<p><a href=\"https:\/\/a.co\/d\/7M2LCKo\" class=\"boton-comprar\">Comprar ahora<\/a><br \/>\n<head><\/p>\n<style>\n            .boton-comprar {\n    background-color: red;\n    color: white; \/* Opcional: para el color del texto *\/\n    padding: 10px 20px; \/* A\u00f1ade espacio alrededor del texto *\/\n    border-radius: 5px; \/* Redondea las esquinas *\/\n    text-decoration: none; \/* Elimina la l\u00ednea de subrayado del enlace *\/\n    cursor: pointer; \/* Indica que es un elemento clicable *\/\n}<\/p>\n<p>\/* Estilos opcionales para cuando el cursor est\u00e1 sobre el bot\u00f3n *\/\n.boton-comprar:hover {\n    opacity: 0.2; \/* Hace el bot\u00f3n menos opaco al pasar el rat\u00f3n *\/\n}<\/p>\n<\/style>\n<p>        <\/head><\/p>\n<\/div>","protected":false},"featured_media":5734,"template":"","meta":[],"product_brand":[],"product_cat":[33],"product_tag":[],"class_list":{"0":"post-1355","1":"product","2":"type-product","3":"status-publish","4":"has-post-thumbnail","6":"product_cat-book","7":"post","9":"first","10":"instock","11":"shipping-taxable","12":"product-type-grouped"},"bundled_by":[],"bundle_stock_status":"instock","bundle_stock_quantity":1,"bundle_virtual":false,"bundle_layout":"","bundle_add_to_cart_form_location":"","bundle_editable_in_cart":false,"bundle_sold_individually_context":"","bundle_item_grouping":"","bundle_min_size":"","bundle_max_size":"","bundle_price":[],"bundled_items":[],"bundle_sell_ids":[],"jetpack_sharing_enabled":true,"_links":{"self":[{"href":"https:\/\/sabrinacordal.com\/en\/wp-json\/wp\/v2\/product\/1355","targetHints":{"allow":["GET"]}}],"collection":[{"href":"https:\/\/sabrinacordal.com\/en\/wp-json\/wp\/v2\/product"}],"about":[{"href":"https:\/\/sabrinacordal.com\/en\/wp-json\/wp\/v2\/types\/product"}],"wp:featuredmedia":[{"embeddable":true,"href":"https:\/\/sabrinacordal.com\/en\/wp-json\/wp\/v2\/media\/5734"}],"wp:attachment":[{"href":"https:\/\/sabrinacordal.com\/en\/wp-json\/wp\/v2\/media?parent=1355"}],"wp:term":[{"taxonomy":"product_brand","embeddable":true,"href":"https:\/\/sabrinacordal.com\/en\/wp-json\/wp\/v2\/product_brand?post=1355"},{"taxonomy":"product_cat","embeddable":true,"href":"https:\/\/sabrinacordal.com\/en\/wp-json\/wp\/v2\/product_cat?post=1355"},{"taxonomy":"product_tag","embeddable":true,"href":"https:\/\/sabrinacordal.com\/en\/wp-json\/wp\/v2\/product_tag?post=1355"}],"curies":[{"name":"wp","href":"https:\/\/api.w.org\/{rel}","templated":true}]}}