{"id":1395,"date":"2024-05-14T18:24:24","date_gmt":"2024-05-14T18:24:24","guid":{"rendered":"https:\/\/sabrinacordal.com\/?post_type=product&#038;p=1395"},"modified":"2025-01-03T00:54:04","modified_gmt":"2025-01-03T00:54:04","slug":"workbook-impulso","status":"publish","type":"product","link":"https:\/\/sabrinacordal.com\/en\/product\/workbook-impulso\/","title":{"rendered":"Workbook Impulso"},"content":{"rendered":"","protected":false},"excerpt":{"rendered":"<div class=\"woocommerce-product-details__short-description\">\n<h4 style=\"text-align: center;\"><span style=\"color: #ffffff;\"><em><strong>\u00a1Descubre tu verdadero potencial con el \u00abWorkbook Impulso\u00bb!<\/strong> <\/em><\/span><\/h4>\n<p style=\"text-align: center;\">Esta gu\u00eda de actividades te llevar\u00e1 en un viaje de autodescubrimiento y crecimiento personal.<\/p>\n<p style=\"text-align: center;\">Con ejercicios cuidadosamente dise\u00f1ados, encontrar\u00e1s las herramientas necesarias para alcanzar tus metas m\u00e1s ambiciosas.<\/p>\n<p style=\"text-align: center;\">Basado en mi experiencia como especialista en Comunicaci\u00f3n Empresarial y coach, este workbook ofrece un enfoque \u00fanico y pr\u00e1ctico.<\/p>\n<h6 style=\"text-align: center;\">\u00a1Comienza tu viaje hacia el \u00e9xito hoy mismo!<\/h6>\n<\/div>","protected":false},"featured_media":1072,"template":"","meta":[],"product_brand":[],"product_cat":[34],"product_tag":[],"class_list":{"0":"post-1395","1":"product","2":"type-product","3":"status-publish","4":"has-post-thumbnail","6":"product_cat-ebook","7":"post","9":"first","10":"instock","11":"virtual","12":"purchasable","13":"product-type-simple"},"bundled_by":["2897","1453","1407","1420"],"bundle_stock_status":"instock","bundle_stock_quantity":null,"bundle_virtual":false,"bundle_layout":"","bundle_add_to_cart_form_location":"","bundle_editable_in_cart":false,"bundle_sold_individually_context":"","bundle_item_grouping":"","bundle_min_size":"","bundle_max_size":"","bundle_price":[],"bundled_items":[],"bundle_sell_ids":[],"jetpack_sharing_enabled":true,"_links":{"self":[{"href":"https:\/\/sabrinacordal.com\/en\/wp-json\/wp\/v2\/product\/1395","targetHints":{"allow":["GET"]}}],"collection":[{"href":"https:\/\/sabrinacordal.com\/en\/wp-json\/wp\/v2\/product"}],"about":[{"href":"https:\/\/sabrinacordal.com\/en\/wp-json\/wp\/v2\/types\/product"}],"wp:featuredmedia":[{"embeddable":true,"href":"https:\/\/sabrinacordal.com\/en\/wp-json\/wp\/v2\/media\/1072"}],"wp:attachment":[{"href":"https:\/\/sabrinacordal.com\/en\/wp-json\/wp\/v2\/media?parent=1395"}],"wp:term":[{"taxonomy":"product_brand","embeddable":true,"href":"https:\/\/sabrinacordal.com\/en\/wp-json\/wp\/v2\/product_brand?post=1395"},{"taxonomy":"product_cat","embeddable":true,"href":"https:\/\/sabrinacordal.com\/en\/wp-json\/wp\/v2\/product_cat?post=1395"},{"taxonomy":"product_tag","embeddable":true,"href":"https:\/\/sabrinacordal.com\/en\/wp-json\/wp\/v2\/product_tag?post=1395"}],"curies":[{"name":"wp","href":"https:\/\/api.w.org\/{rel}","templated":true}]}}