{"id":1453,"date":"2024-05-20T18:15:34","date_gmt":"2024-05-20T18:15:34","guid":{"rendered":"https:\/\/sabrinacordal.com\/?post_type=product&#038;p=1453"},"modified":"2025-06-26T13:55:13","modified_gmt":"2025-06-26T13:55:13","slug":"latina-business-program","status":"publish","type":"product","link":"https:\/\/sabrinacordal.com\/en\/product\/latina-business-program\/","title":{"rendered":"Latina Business Program"},"content":{"rendered":"","protected":false},"excerpt":{"rendered":"<div class=\"woocommerce-product-details__short-description\">\n<h5 style=\"text-align: center;\"><span style=\"color: #ffffff;\"><em><b>Discover the Latina Business Program for just $799!<\/b><\/em><\/span><\/h5>\n<p style=\"text-align: center;\">\ud83d\ude80<span style=\"color: #dd183b;\"><em><strong> 10 sesiones<\/strong><\/em><\/span> de coaching personalizado dise\u00f1adas para mantenerte al d\u00eda con las \u00faltimas estrategias de marketing digital.<br \/>\nCreaci\u00f3n de <span style=\"color: #ff0000;\"><strong>Marca personal<br \/>\nAsesoramiento de Imagen,\u00a0 Lady Etiquette, Ceremonias y Protocolo<br \/>\n<span style=\"color: #000000;\">Oratoria, presentaci\u00f3n personal y del negocio.\u00a0<\/span><\/strong><\/span><\/p>\n<p style=\"text-align: center;\">Como generar alianzas y contactos<\/p>\n<p style=\"text-align: center;\" class=\"translation-block\">\ud83d\udd11 1-on-1 sessions, completely <span style=\"color: #dd183b\"><em><strong>private <\/strong><\/em><\/span> and tailored to your specific needs.<\/p>\n<p style=\"text-align: center;\">\ud83d\udca1 Acceso a mentor\u00edas pre grabadas en tu portal durante <span style=\"color: #dd183b;\"><em><strong>todo un a\u00f1o<\/strong><\/em><\/span> para un apoyo continuo.<\/p>\n<p style=\"text-align: center;\" class=\"translation-block\">\ud83d\udcc8 Improve your social media, create quality content, and apply effective tools to make  <span style=\"color: #dd183b\"><em><strong>your business stand out<\/strong><\/em>.<\/span><\/p>\n<p style=\"text-align: center;\"><b>Upon completion, you'll receive:<\/b><\/p>\n<p style=\"text-align: center;\">\u2728 <span style=\"color: #dd183b;\"><em><strong>Un Instagram y p\u00e1gina web<\/strong><\/em><\/span> est\u00e9ticamente impresionantes y alineados con tu marca personal. (creaci\u00f3n o refresh)<\/p>\n<p style=\"text-align: center;\" class=\"translation-block\">\ud83d\udcbc A solid business plan to empower you to  <span style=\"color: #dd183b\"><em><strong>lead <\/strong><\/em><\/span> your company and manage employees.<\/p>\n<p style=\"text-align: center;\">\ud83d\udc69\u200d\ud83d\udcbc An empowered organization ready to tackle any business challenge.<\/p>\n<p style=\"text-align: center;\">\u2728 Una Marca personal que te har\u00e1 fidelizar y moverte con prop\u00f3sito<\/p>\n<p>&nbsp;<\/p>\n<h4 style=\"text-align: center;\"><span style=\"color: #dd183b;\"><b>\u00a1Transform\u00e1 tu negocio y alcanz\u00e1 el \u00e9xito que mereces! \u00a1<\/b><\/span><\/h4>\n<h4 style=\"text-align: center;\"><span style=\"color: #dd183b;\"><b>Unite a Latina Business Program hoy mismo<\/b><\/span><\/h4>\n<\/div>","protected":false},"featured_media":1099,"template":"","meta":[],"product_brand":[],"product_cat":[36],"product_tag":[],"class_list":{"0":"post-1453","1":"product","2":"type-product","3":"status-publish","4":"has-post-thumbnail","6":"product_cat-coaching","7":"post","9":"first","10":"instock","11":"sale","12":"virtual","13":"purchasable","14":"product-type-bundle"},"bundled_by":[],"bundle_stock_status":"instock","bundle_stock_quantity":"","bundle_virtual":false,"bundle_layout":"default","bundle_add_to_cart_form_location":"default","bundle_editable_in_cart":true,"bundle_sold_individually_context":"product","bundle_item_grouping":"parent","bundle_min_size":"","bundle_max_size":"","bundle_price":{"price":{"min":{"incl_tax":"1999.00","excl_tax":"1999.00"},"max":{"incl_tax":"2017.67","excl_tax":"2017.67"}},"regular_price":{"min":{"incl_tax":"2500.00","excl_tax":"2500.00"},"max":{"incl_tax":"2524.89","excl_tax":"2524.89"}}},"bundled_items":[{"bundled_item_id":13,"product_id":1395,"menu_order":0,"quantity_min":1,"quantity_max":1,"quantity_default":1,"priced_individually":true,"shipped_individually":true,"override_title":true,"title":"Workbook Impulso 25% OFF","override_description":true,"description":"","optional":true,"hide_thumbnail":false,"discount":"25","override_variations":false,"allowed_variations":[],"override_default_variation_attributes":false,"default_variation_attributes":[],"single_product_visibility":"visible","cart_visibility":"visible","order_visibility":"visible","single_product_price_visibility":"visible","cart_price_visibility":"visible","order_price_visibility":"visible","stock_status":"in_stock"},{"bundled_item_id":14,"product_id":1364,"menu_order":1,"quantity_min":1,"quantity_max":1,"quantity_default":1,"priced_individually":true,"shipped_individually":true,"override_title":true,"title":"E-Book Descubre Tu Potencial 25% OFF","override_description":true,"description":"","optional":true,"hide_thumbnail":false,"discount":"25","override_variations":false,"allowed_variations":[],"override_default_variation_attributes":false,"default_variation_attributes":[],"single_product_visibility":"visible","cart_visibility":"visible","order_visibility":"visible","single_product_price_visibility":"visible","cart_price_visibility":"visible","order_price_visibility":"visible","stock_status":"in_stock"}],"bundle_sell_ids":[],"jetpack_sharing_enabled":true,"_links":{"self":[{"href":"https:\/\/sabrinacordal.com\/en\/wp-json\/wp\/v2\/product\/1453","targetHints":{"allow":["GET"]}}],"collection":[{"href":"https:\/\/sabrinacordal.com\/en\/wp-json\/wp\/v2\/product"}],"about":[{"href":"https:\/\/sabrinacordal.com\/en\/wp-json\/wp\/v2\/types\/product"}],"wp:featuredmedia":[{"embeddable":true,"href":"https:\/\/sabrinacordal.com\/en\/wp-json\/wp\/v2\/media\/1099"}],"wp:attachment":[{"href":"https:\/\/sabrinacordal.com\/en\/wp-json\/wp\/v2\/media?parent=1453"}],"wp:term":[{"taxonomy":"product_brand","embeddable":true,"href":"https:\/\/sabrinacordal.com\/en\/wp-json\/wp\/v2\/product_brand?post=1453"},{"taxonomy":"product_cat","embeddable":true,"href":"https:\/\/sabrinacordal.com\/en\/wp-json\/wp\/v2\/product_cat?post=1453"},{"taxonomy":"product_tag","embeddable":true,"href":"https:\/\/sabrinacordal.com\/en\/wp-json\/wp\/v2\/product_tag?post=1453"}],"curies":[{"name":"wp","href":"https:\/\/api.w.org\/{rel}","templated":true}]}}