{"id":5907,"date":"2026-04-05T16:12:19","date_gmt":"2026-04-05T16:12:19","guid":{"rendered":"https:\/\/sabrinacordal.com\/?post_type=product&#038;p=5907"},"modified":"2026-04-08T22:05:29","modified_gmt":"2026-04-08T22:05:29","slug":"sesiones-de-coaching-grupales-grupo-reducido-enfoque-individual","status":"publish","type":"product","link":"https:\/\/sabrinacordal.com\/en\/product\/sesiones-de-coaching-grupales-grupo-reducido-enfoque-individual\/","title":{"rendered":"Coaching Grupal &#8211; Programa CFA &#8211; 11 sesiones (grupo reducido)"},"content":{"rendered":"<h1><strong>Programa CFA 11 semanas<\/strong>: Coaching Grupal<\/h1>\n<p>&nbsp;<\/p>\n<h2 data-start=\"277\" data-end=\"366\"><span style=\"color: #993300;\"><strong data-start=\"277\" data-end=\"366\">De sentirte estancado\/a a tener claridad, confianza y un plan concreto en 11 semanas.<\/strong><\/span><\/h2>\n<h2 data-section-id=\"1y5ojtk\" data-start=\"373\" data-end=\"407\"><\/h2>\n<h2 data-start=\"269\" data-end=\"339\"><strong>\ud83d\udca5 Si sab\u00e9s que pod\u00e9s m\u00e1s\u2026<\/strong><br data-start=\"295\" data-end=\"298\" \/><strong>pero no est\u00e1s avanzando como te gustar\u00eda\u2026<\/strong><\/h2>\n<h2 data-start=\"341\" data-end=\"415\"><strong>Si ten\u00e9s ideas, ganas de crecer, pero te falta claridad, foco o direcci\u00f3n\u2026<\/strong><\/h2>\n<h2 data-start=\"417\" data-end=\"567\"><strong>Si sent\u00eds que es tu momento de dar un paso\u2026<\/strong><br data-start=\"460\" data-end=\"463\" \/><strong>pero algo siempre te frena (miedos, dudas, decisiones, dinero o simplemente no saber por d\u00f3nde empezar)\u2026<\/strong><\/h2>\n<h2 data-start=\"569\" data-end=\"647\"><strong>Si alguna vez pensaste en tener un coach o mentor, pero lo fuiste postergando\u2026<\/strong><\/h2>\n<h2 data-start=\"568\" data-end=\"597\"><span style=\"color: #993300;\"><strong>\ud83d\udc49 Este programa es para vos.<\/strong><\/span><\/h2>\n<h2 data-start=\"568\" data-end=\"597\"><\/h2>\n<h2 data-start=\"568\" data-end=\"597\">\u2728\u00a0 No es solo coaching.<\/h2>\n<p data-start=\"668\" data-end=\"790\">Es un proceso guiado donde vas a trabajar <strong data-start=\"710\" data-end=\"759\">tu mentalidad, tu estrategia y tu acci\u00f3n real<\/strong>, con acompa\u00f1amiento constante.<\/p>\n<p data-start=\"668\" data-end=\"790\">\n<h2 data-section-id=\"9lhr46\" data-start=\"797\" data-end=\"828\">\ud83d\udcc5\u00a0Durante <strong data-start=\"838\" data-end=\"852\">11 semanas<\/strong>, vas a estar acompa\u00f1ado\/a en un proceso dise\u00f1ado para que dejes de pensar y empieces a avanzar:<\/h2>\n<p data-start=\"950\" data-end=\"1171\">\u2714 10 sesiones grupales semanales (1h \u2013 1h30)<br data-start=\"994\" data-end=\"997\" \/>\u2714 Espacio din\u00e1mico: coaching + mentoring + herramientas reales<br data-start=\"1059\" data-end=\"1062\" \/>\u2714 \ud83c\udf81 1 sesi\u00f3n individual 1:1 conmigo (valorada en $99, incluida)<br data-start=\"1126\" data-end=\"1129\" \/>\u2714 Acompa\u00f1amiento durante todo el proceso<\/p>\n<p data-start=\"950\" data-end=\"1171\">\n<h2 data-section-id=\"19ns76v\" data-start=\"1178\" data-end=\"1230\">\ud83d\udce6\u00a0Este programa combina:<\/h2>\n<p data-start=\"1256\" data-end=\"1368\">\u2728 Coaching \u2192 para claridad interna<br data-start=\"1290\" data-end=\"1293\" \/>\u2728 Mentoring \u2192 para saber qu\u00e9 hacer<br data-start=\"1327\" data-end=\"1330\" \/>\u2728 Estrategia \u2192 para avanzar en serio<\/p>\n<p data-start=\"1370\" data-end=\"1455\">\ud83d\udca5 No te vas solo\/a con ideas.<br data-start=\"1400\" data-end=\"1403\" \/>Te vas con <strong data-start=\"1414\" data-end=\"1455\">decisiones tomadas y pasos concretos.<\/strong><\/p>\n<h2 data-section-id=\"1yiutbp\" data-start=\"1462\" data-end=\"1494\">\ud83c\udfaf Al finalizar el programa vas a tener:<\/h2>\n<p data-start=\"1535\" data-end=\"1739\">\u2714 Claridad sobre lo que quer\u00e9s<br data-start=\"1565\" data-end=\"1568\" \/>\u2714 Confianza para accionar<br data-start=\"1593\" data-end=\"1596\" \/>\u2714 Un plan concreto (no m\u00e1s improvisaci\u00f3n)<br data-start=\"1637\" data-end=\"1640\" \/>\u2714 Herramientas para sostener tu crecimiento<br data-start=\"1683\" data-end=\"1686\" \/>\u2714 Movimiento real en tu vida personal o profesional<\/p>\n<p data-start=\"1535\" data-end=\"1739\">\n<h2 data-start=\"1794\" data-end=\"1835\"><strong><span style=\"color: #993300;\">La sesi\u00f3n 1:1 sola tiene un valor de $99.<\/span><\/strong><\/h2>\n<h2 data-start=\"1837\" data-end=\"1934\">Y ac\u00e1 no solo ten\u00e9s eso\u2026<br data-start=\"1861\" data-end=\"1864\" \/>ten\u00e9s <strong data-start=\"1870\" data-end=\"1934\">11 semanas de acompa\u00f1amiento\u00a0 10 sesiones grupales + 1 sesi\u00f3n 1:1 + comunidad + proceso completo.<\/strong><\/h2>\n<h2 data-start=\"1936\" data-end=\"1981\">\ud83d\udc49<span style=\"color: #993300;\"> <strong data-start=\"1939\" data-end=\"1981\">Inversi\u00f3n total del programa: $397 USD ( $36 d\u00f3lares por sesi\u00f3n)<\/strong><\/span><\/h2>\n<p data-start=\"1983\" data-end=\"2077\"><strong>\ud83d\udca1 Menos de lo que gastar\u00edas en 1 comida y en muchas cosas\u2026<\/strong><br data-start=\"2028\" data-end=\"2031\" \/><strong>pero puede cambiar completamente tu direcci\u00f3n.<\/strong><\/p>\n<h2 data-section-id=\"yt9c9\" data-start=\"2084\" data-end=\"2115\"><\/h2>\n<h3 data-start=\"2117\" data-end=\"2185\"><strong>Para que el proceso sea realmente efectivo, <span style=\"color: #993300;\">los cupos son LIMITADOS.<\/span><\/strong><\/h3>\n<h4 data-start=\"2187\" data-end=\"2267\"><strong>\ud83d\udc49 No es para todos.<\/strong><br data-start=\"2207\" data-end=\"2210\" \/><strong>Es para personas que realmente est\u00e1n LISTAS para avanzar.<\/strong><\/h4>\n<h4><\/h4>\n<h4 data-start=\"2298\" data-end=\"2369\"><strong>El cambio no pasa por saber m\u00e1s.<\/strong><br data-start=\"2330\" data-end=\"2333\" \/><strong>Pasa por decidir diferente y actuar.<\/strong><\/h4>\n<h4 data-start=\"2371\" data-end=\"2458\"><strong>\ud83d\udc49 Si sent\u00eds que este es tu momento, te veo en la primera sesi\u00f3n. Comenzamos\u00a0<\/strong><\/h4>","protected":false},"excerpt":{"rendered":"<p>Programa CFA 11 semanas: Coaching Grupal &nbsp; De sentirte estancado\/a a tener claridad, confianza y un plan concreto en 11 semanas. \ud83d\udca5 Si sab\u00e9s que pod\u00e9s m\u00e1s\u2026pero no est\u00e1s avanzando como te gustar\u00eda\u2026 Si ten\u00e9s ideas, ganas de crecer, pero te falta claridad, foco o direcci\u00f3n\u2026 Si sent\u00eds que es tu momento de dar un [&hellip;]<\/p>\n","protected":false},"featured_media":5908,"template":"","meta":[],"product_brand":[],"product_cat":[36],"product_tag":[],"class_list":{"0":"post-5907","1":"product","2":"type-product","3":"status-publish","4":"has-post-thumbnail","6":"product_cat-coaching","7":"post","9":"first","10":"instock","11":"shipping-taxable","12":"purchasable","13":"product-type-simple"},"bundled_by":[],"bundle_stock_status":"instock","bundle_stock_quantity":null,"bundle_virtual":false,"bundle_layout":"","bundle_add_to_cart_form_location":"","bundle_editable_in_cart":false,"bundle_sold_individually_context":"","bundle_item_grouping":"","bundle_min_size":"","bundle_max_size":"","bundle_price":[],"bundled_items":[],"bundle_sell_ids":[],"jetpack_sharing_enabled":true,"_links":{"self":[{"href":"https:\/\/sabrinacordal.com\/en\/wp-json\/wp\/v2\/product\/5907","targetHints":{"allow":["GET"]}}],"collection":[{"href":"https:\/\/sabrinacordal.com\/en\/wp-json\/wp\/v2\/product"}],"about":[{"href":"https:\/\/sabrinacordal.com\/en\/wp-json\/wp\/v2\/types\/product"}],"wp:featuredmedia":[{"embeddable":true,"href":"https:\/\/sabrinacordal.com\/en\/wp-json\/wp\/v2\/media\/5908"}],"wp:attachment":[{"href":"https:\/\/sabrinacordal.com\/en\/wp-json\/wp\/v2\/media?parent=5907"}],"wp:term":[{"taxonomy":"product_brand","embeddable":true,"href":"https:\/\/sabrinacordal.com\/en\/wp-json\/wp\/v2\/product_brand?post=5907"},{"taxonomy":"product_cat","embeddable":true,"href":"https:\/\/sabrinacordal.com\/en\/wp-json\/wp\/v2\/product_cat?post=5907"},{"taxonomy":"product_tag","embeddable":true,"href":"https:\/\/sabrinacordal.com\/en\/wp-json\/wp\/v2\/product_tag?post=5907"}],"curies":[{"name":"wp","href":"https:\/\/api.w.org\/{rel}","templated":true}]}}