{"id":6100,"date":"2026-04-07T05:05:07","date_gmt":"2026-04-07T05:05:07","guid":{"rendered":"https:\/\/sabrinacordal.com\/?post_type=product&#038;p=6100"},"modified":"2026-04-07T05:23:53","modified_gmt":"2026-04-07T05:23:53","slug":"visual-board-workshop-online-sabado-2-de-mayo","status":"publish","type":"product","link":"https:\/\/sabrinacordal.com\/en\/product\/visual-board-workshop-online-sabado-2-de-mayo\/","title":{"rendered":"VISUAL BOARD WORKSHOP Online &#8211; S\u00e1bado 2 de Mayo"},"content":{"rendered":"<h2 data-section-id=\"174lqjm\" data-start=\"178\" data-end=\"209\">Dej\u00e1 de mirar lo que <em>otros tienen.<\/em><br data-start=\"1035\" data-end=\"1038\" \/>Dej\u00e1 de so\u00f1ar <em>sin accionar.<\/em><\/h2>\n<h2 data-section-id=\"174lqjm\" data-start=\"178\" data-end=\"209\"><span style=\"color: #808000;\">Empez\u00e1 a construir lo que quer\u00e9s.<\/span><\/h2>\n<h2 data-section-id=\"174lqjm\" data-start=\"178\" data-end=\"209\"><\/h2>\n<h2 data-section-id=\"174lqjm\" data-start=\"178\" data-end=\"209\"><\/h2>\n<h2 data-section-id=\"174lqjm\" data-start=\"178\" data-end=\"209\">M\u00e1s de 20 a\u00f1os trabajando en procesos de visualizaci\u00f3n, enfoque y crecimiento personal.<br data-start=\"356\" data-end=\"359\" \/>M\u00e1s de 100 personas ya han aplicado este m\u00e9todo con resultados reales.<\/h2>\n<h2 data-section-id=\"174lqjm\" data-start=\"178\" data-end=\"209\"><\/h2>\n<h2 data-section-id=\"174lqjm\" data-start=\"178\" data-end=\"209\">\ud83d\ude80 VISUAL BOARD WORKSHOP<\/h2>\n<h2 data-start=\"318\" data-end=\"412\">Dise\u00f1\u00e1 tu visi\u00f3n.<br data-start=\"280\" data-end=\"283\" \/>Convert\u00ed tus metas en realidad.<\/h2>\n<p>&nbsp;<\/p>\n<h1><span style=\"color: #808000;\">S\u00c1BADO 2 de MAYO\u00a0 10 am<\/span><\/h1>\n<p>&nbsp;<\/p>\n<h2 data-start=\"351\" data-end=\"420\">Si sent\u00eds que quer\u00e9s m\u00e1s\u2026<br data-start=\"376\" data-end=\"379\" \/>pero no ten\u00e9s claridad, direcci\u00f3n o foco\u2026<\/h2>\n<h2 data-start=\"422\" data-end=\"451\">\ud83d\udc49 Este workshop es para vos.<\/h2>\n<p>&nbsp;<\/p>\n<h2 data-start=\"453\" data-end=\"551\"><span style=\"color: #808000;\">No es magia. Es m\u00e9todo.<\/span><br data-start=\"475\" data-end=\"478\" \/><span style=\"color: #808000;\"><em>Es <strong data-start=\"481\" data-end=\"551\">ordenar tu vida, tus objetivos y empezar a accionar con intenci\u00f3n. Y sabemos como ayudarte<\/strong><\/em><\/span><\/h2>\n<h3><\/h3>\n<p>&nbsp;<\/p>\n<h2 data-section-id=\"1l5glmc\" data-start=\"558\" data-end=\"575\">\ud83d\ude80 QU\u00c9 INCLUYE<\/h2>\n<h3 data-start=\"577\" data-end=\"777\">\u2714 Workshop Online (1 d\u00eda \u2013 3 horas)<\/h3>\n<h3 data-start=\"577\" data-end=\"777\">\u2714 Espacio te\u00f3rico + pr\u00e1ctico<br data-start=\"644\" data-end=\"647\" \/>\u2714 Creaci\u00f3n de tu Visual Board<br data-start=\"676\" data-end=\"679\" \/>\u2714 Templates listos para usar<br data-start=\"707\" data-end=\"710\" \/>\u2714 Ejercicios guiados<br data-start=\"730\" data-end=\"733\" \/>\u2714 Herramientas aplicables desde el d\u00eda uno<\/h3>\n<h2 data-section-id=\"1y5ojtk\" data-start=\"373\" data-end=\"407\"><\/h2>\n<h2 data-section-id=\"1e99buj\" data-start=\"784\" data-end=\"806\">\ud83c\udfaf QU\u00c9 VAS A LOGRAR<\/h2>\n<h3 data-start=\"808\" data-end=\"1156\">\u2714 Claridad en tus objetivos y prop\u00f3sito<br data-start=\"847\" data-end=\"850\" \/>\u2714 Visualizar tu pr\u00f3ximo nivel con enfoque estrat\u00e9gico<br data-start=\"903\" data-end=\"906\" \/>\u2714 Crear tu Visual Board (visi\u00f3n tangible)<br data-start=\"947\" data-end=\"950\" \/>\u2714 Incorporar h\u00e1bitos que impulsen tu crecimiento<br data-start=\"998\" data-end=\"1001\" \/>\u2714 Conectar con tu identidad y lo que realmente quer\u00e9s<br data-start=\"1054\" data-end=\"1057\" \/>\u2714 Manifestar resultados reales (intenci\u00f3n + acci\u00f3n)<br data-start=\"1108\" data-end=\"1111\" \/>\u2714 Pasar a la acci\u00f3n con direcci\u00f3n y enfoque<\/h3>\n<p>&nbsp;<\/p>\n<h1><span style=\"color: #808000;\">\u201cPeque\u00f1a inversi\u00f3n. Grandes cambios.\u201d<\/span><\/h1>\n<p>&nbsp;<\/p>\n<p>&nbsp;<\/p>\n<h2 data-section-id=\"1diwao0\" data-start=\"2000\" data-end=\"2030\"><\/h2>","protected":false},"excerpt":{"rendered":"<p>Dej\u00e1 de mirar lo que otros tienen.Dej\u00e1 de so\u00f1ar sin accionar. Empez\u00e1 a construir lo que quer\u00e9s. M\u00e1s de 20 a\u00f1os trabajando en procesos de visualizaci\u00f3n, enfoque y crecimiento personal.M\u00e1s de 100 personas ya han aplicado este m\u00e9todo con resultados reales. \ud83d\ude80 VISUAL BOARD WORKSHOP Dise\u00f1\u00e1 tu visi\u00f3n.Convert\u00ed tus metas en realidad. &nbsp; S\u00c1BADO 2 [&hellip;]<\/p>\n","protected":false},"featured_media":6101,"template":"","meta":[],"product_brand":[],"product_cat":[36],"product_tag":[],"class_list":{"0":"post-6100","1":"product","2":"type-product","3":"status-publish","4":"has-post-thumbnail","6":"product_cat-coaching","7":"post","9":"first","10":"instock","11":"shipping-taxable","12":"purchasable","13":"product-type-simple"},"bundled_by":[],"bundle_stock_status":"instock","bundle_stock_quantity":null,"bundle_virtual":false,"bundle_layout":"","bundle_add_to_cart_form_location":"","bundle_editable_in_cart":false,"bundle_sold_individually_context":"","bundle_item_grouping":"","bundle_min_size":"","bundle_max_size":"","bundle_price":[],"bundled_items":[],"bundle_sell_ids":[],"jetpack_sharing_enabled":true,"_links":{"self":[{"href":"https:\/\/sabrinacordal.com\/en\/wp-json\/wp\/v2\/product\/6100","targetHints":{"allow":["GET"]}}],"collection":[{"href":"https:\/\/sabrinacordal.com\/en\/wp-json\/wp\/v2\/product"}],"about":[{"href":"https:\/\/sabrinacordal.com\/en\/wp-json\/wp\/v2\/types\/product"}],"wp:featuredmedia":[{"embeddable":true,"href":"https:\/\/sabrinacordal.com\/en\/wp-json\/wp\/v2\/media\/6101"}],"wp:attachment":[{"href":"https:\/\/sabrinacordal.com\/en\/wp-json\/wp\/v2\/media?parent=6100"}],"wp:term":[{"taxonomy":"product_brand","embeddable":true,"href":"https:\/\/sabrinacordal.com\/en\/wp-json\/wp\/v2\/product_brand?post=6100"},{"taxonomy":"product_cat","embeddable":true,"href":"https:\/\/sabrinacordal.com\/en\/wp-json\/wp\/v2\/product_cat?post=6100"},{"taxonomy":"product_tag","embeddable":true,"href":"https:\/\/sabrinacordal.com\/en\/wp-json\/wp\/v2\/product_tag?post=6100"}],"curies":[{"name":"wp","href":"https:\/\/api.w.org\/{rel}","templated":true}]}}